{"id":1170,"date":"2022-10-04T13:20:17","date_gmt":"2022-10-04T13:20:17","guid":{"rendered":"https:\/\/sitto.ch\/de\/?page_id=1170"},"modified":"2022-10-05T10:11:13","modified_gmt":"2022-10-05T10:11:13","slug":"epson-kassenbondrucker","status":"publish","type":"page","link":"https:\/\/sitto.ch\/de\/epson-kassenbondrucker\/","title":{"rendered":"Epson Kassenbondrucker"},"content":{"rendered":"\t\t<div data-elementor-type=\"wp-page\" data-elementor-id=\"1170\" class=\"elementor elementor-1170\" data-elementor-post-type=\"page\">\n\t\t\t\t\t\t\t\t\t<section class=\"elementor-section elementor-top-section elementor-element elementor-element-7e832e0d elementor-section-content-middle elementor-section-boxed elementor-section-height-default elementor-section-height-default\" data-id=\"7e832e0d\" data-element_type=\"section\">\n\t\t\t\t\t\t<div class=\"elementor-container elementor-column-gap-custom\">\n\t\t\t\t\t<div class=\"elementor-column elementor-col-50 elementor-top-column elementor-element elementor-element-4fa199d8\" data-id=\"4fa199d8\" data-element_type=\"column\">\n\t\t\t<div class=\"elementor-widget-wrap elementor-element-populated\">\n\t\t\t\t\t\t\t\t<div class=\"elementor-element elementor-element-3036d183 elementor-widget elementor-widget-image\" data-id=\"3036d183\" data-element_type=\"widget\" data-widget_type=\"image.default\">\n\t\t\t\t<div class=\"elementor-widget-container\">\n\t\t\t\t\t\t\t\t\t\t\t\t\t\t\t<img fetchpriority=\"high\" fetchpriority=\"high\" decoding=\"async\" width=\"1080\" height=\"750\" src=\"https:\/\/sitto.ch\/de\/wp-content\/uploads\/2022\/10\/2.png\" class=\"attachment-full size-full wp-image-1007\" alt=\"Epson Kassenbondrucker\" srcset=\"https:\/\/sitto.ch\/de\/wp-content\/uploads\/2022\/10\/2.png 1080w, https:\/\/sitto.ch\/de\/wp-content\/uploads\/2022\/10\/2-600x417.png 600w, https:\/\/sitto.ch\/de\/wp-content\/uploads\/2022\/10\/2-300x208.png 300w, https:\/\/sitto.ch\/de\/wp-content\/uploads\/2022\/10\/2-1024x711.png 1024w, https:\/\/sitto.ch\/de\/wp-content\/uploads\/2022\/10\/2-768x533.png 768w\" sizes=\"(max-width: 1080px) 100vw, 1080px\" \/>\t\t\t\t\t\t\t\t\t\t\t\t\t\t\t<\/div>\n\t\t\t\t<\/div>\n\t\t\t\t\t<\/div>\n\t\t<\/div>\n\t\t\t\t<div class=\"elementor-column elementor-col-50 elementor-top-column elementor-element elementor-element-3b24d25e\" data-id=\"3b24d25e\" data-element_type=\"column\">\n\t\t\t<div class=\"elementor-widget-wrap elementor-element-populated\">\n\t\t\t\t\t\t\t\t<div class=\"elementor-element elementor-element-17f1c416 elementor-widget elementor-widget-heading\" data-id=\"17f1c416\" data-element_type=\"widget\" data-widget_type=\"heading.default\">\n\t\t\t\t<div class=\"elementor-widget-container\">\n\t\t\t<h2 class=\"elementor-heading-title elementor-size-default\">KASSEN<\/h2>\t\t<\/div>\n\t\t\t\t<\/div>\n\t\t\t\t<div class=\"elementor-element elementor-element-6b90e7b1 elementor-widget elementor-widget-heading\" data-id=\"6b90e7b1\" data-element_type=\"widget\" data-widget_type=\"heading.default\">\n\t\t\t\t<div class=\"elementor-widget-container\">\n\t\t\t<h1 class=\"elementor-heading-title elementor-size-default\">Epson Kassenbondrucker<\/h1>\t\t<\/div>\n\t\t\t\t<\/div>\n\t\t\t\t<div class=\"elementor-element elementor-element-69606d81 elementor-widget-tablet__width-inherit elementor-widget elementor-widget-text-editor\" data-id=\"69606d81\" data-element_type=\"widget\" data-widget_type=\"text-editor.default\">\n\t\t\t\t<div class=\"elementor-widget-container\">\n\t\t\t\t\t\t\t<p>Die Kombination aus schneller Druckgeschwindigkeit, hoher Zuverl\u00e4ssigkeit und wirtschaftlichem Betrieb macht diesen Drucker zu einem unverzichtbaren Ger\u00e4t f\u00fcr kleine Einzel- und Fachh\u00e4ndler, Gastronomie und Lebensmittelgesch\u00e4fte. Dieses benutzerfreundliche Modell ist der POS-Bondrucker der Einstiegsklasse mit einer Druckbreite von 80 mm. <br \/><br \/>Durch seine automatische Papiersparfunktion werden der obere und untere Bonrand, der Zeilenabstand und die Barcodeh\u00f6he verringert und so ein flexibles Drucken von Bons erm\u00f6glicht. Der Papierverbrauch bleibt dabei unter Kontrolle. Der Papierverbrauch wird auch dadurch geringgehalten, dass das obere Logo des n\u00e4chsten Bons bereits vor dem Abschneiden gedruckt wird, sodass der obere Rand um weitere 12 mm reduziert wird. Der TM-T70 verf\u00fcgt \u00fcber eine integrierte USB-Schnittstelle. Ihnen stehen zwei Modelle zur Auswahl: ein Modell mit USB- und serieller Schnittstelle oder ein Modell mit Netzwerkanschluss. <br \/><br \/>Der Anschluss kann jederzeit gewechselt werden, sodass dieser Drucker eine langfristige Investition darstellt. Aufgrund seiner mittleren Betriebsdauer zwischen Ausf\u00e4llen (MTBF) von 360.000 Stunden und einer Lebensdauer der Mechanik von 15 Millionen Zeilen k\u00f6nnen Sie sich auch bei einem hohen Druckaufkommen auf den TM-T70 verlassen.<\/p>\t\t\t\t\t\t<\/div>\n\t\t\t\t<\/div>\n\t\t\t\t\t<\/div>\n\t\t<\/div>\n\t\t\t\t\t\t\t<\/div>\n\t\t<\/section>\n\t\t\t\t\t\t\t<\/div>\n\t\t","protected":false},"excerpt":{"rendered":"<p>KASSEN Epson Kassenbondrucker Die Kombination aus schneller Druckgeschwindigkeit, hoher Zuverl\u00e4ssigkeit und wirtschaftlichem Betrieb macht diesen Drucker zu einem unverzichtbaren Ger\u00e4t f\u00fcr kleine Einzel- und Fachh\u00e4ndler, Gastronomie und Lebensmittelgesch\u00e4fte. Dieses benutzerfreundliche Modell ist der POS-Bondrucker der Einstiegsklasse mit einer Druckbreite von 80 mm. Durch seine automatische Papiersparfunktion werden der obere und untere Bonrand, der Zeilenabstand und [&hellip;]<\/p>\n","protected":false},"author":1,"featured_media":0,"parent":0,"menu_order":0,"comment_status":"closed","ping_status":"closed","template":"","meta":{"_et_pb_use_builder":"","_et_pb_old_content":"","_et_gb_content_width":"","footnotes":""},"class_list":["post-1170","page","type-page","status-publish","hentry"],"yoast_head":"<!-- This site is optimized with the Yoast SEO plugin v26.8 - https:\/\/yoast.com\/product\/yoast-seo-wordpress\/ -->\n<title>Epson Kassenbondrucker - Sitto Payment GmbH<\/title>\n<meta name=\"description\" content=\"Die Kombination aus schneller Druckgeschwindigkeit, hoher Zuverl\u00e4ssigkeit und wirtschaftlichem Betrieb.\" \/>\n<meta name=\"robots\" content=\"index, follow, max-snippet:-1, max-image-preview:large, max-video-preview:-1\" \/>\n<link rel=\"canonical\" href=\"https:\/\/sitto.ch\/de\/epson-kassenbondrucker\/\" \/>\n<meta property=\"og:locale\" content=\"de_DE\" \/>\n<meta property=\"og:type\" content=\"article\" \/>\n<meta property=\"og:title\" content=\"Epson Kassenbondrucker - Sitto Payment GmbH\" \/>\n<meta property=\"og:description\" content=\"Die Kombination aus schneller Druckgeschwindigkeit, hoher Zuverl\u00e4ssigkeit und wirtschaftlichem Betrieb.\" \/>\n<meta property=\"og:url\" content=\"https:\/\/sitto.ch\/de\/epson-kassenbondrucker\/\" \/>\n<meta property=\"og:site_name\" content=\"Sitto Payment GmbH\" \/>\n<meta property=\"article:publisher\" content=\"https:\/\/www.facebook.com\/sittopaymentsystem.ch\" \/>\n<meta property=\"article:modified_time\" content=\"2022-10-05T10:11:13+00:00\" \/>\n<meta property=\"og:image\" content=\"https:\/\/sitto.ch\/de\/wp-content\/uploads\/2022\/10\/2.png\" \/>\n<meta name=\"twitter:card\" content=\"summary_large_image\" \/>\n<meta name=\"twitter:label1\" content=\"Gesch\u00e4tzte Lesezeit\" \/>\n\t<meta name=\"twitter:data1\" content=\"2\u00a0Minuten\" \/>\n<script type=\"application\/ld+json\" class=\"yoast-schema-graph\">{\"@context\":\"https:\/\/schema.org\",\"@graph\":[{\"@type\":\"WebPage\",\"@id\":\"https:\/\/sitto.ch\/de\/epson-kassenbondrucker\/\",\"url\":\"https:\/\/sitto.ch\/de\/epson-kassenbondrucker\/\",\"name\":\"Epson Kassenbondrucker - Sitto Payment GmbH\",\"isPartOf\":{\"@id\":\"https:\/\/sitto.ch\/de\/#website\"},\"primaryImageOfPage\":{\"@id\":\"https:\/\/sitto.ch\/de\/epson-kassenbondrucker\/#primaryimage\"},\"image\":{\"@id\":\"https:\/\/sitto.ch\/de\/epson-kassenbondrucker\/#primaryimage\"},\"thumbnailUrl\":\"https:\/\/sitto.ch\/de\/wp-content\/uploads\/2022\/10\/2.png\",\"datePublished\":\"2022-10-04T13:20:17+00:00\",\"dateModified\":\"2022-10-05T10:11:13+00:00\",\"description\":\"Die Kombination aus schneller Druckgeschwindigkeit, hoher Zuverl\u00e4ssigkeit und wirtschaftlichem Betrieb.\",\"breadcrumb\":{\"@id\":\"https:\/\/sitto.ch\/de\/epson-kassenbondrucker\/#breadcrumb\"},\"inLanguage\":\"de-CH\",\"potentialAction\":[{\"@type\":\"ReadAction\",\"target\":[\"https:\/\/sitto.ch\/de\/epson-kassenbondrucker\/\"]}]},{\"@type\":\"ImageObject\",\"inLanguage\":\"de-CH\",\"@id\":\"https:\/\/sitto.ch\/de\/epson-kassenbondrucker\/#primaryimage\",\"url\":\"https:\/\/sitto.ch\/de\/wp-content\/uploads\/2022\/10\/2.png\",\"contentUrl\":\"https:\/\/sitto.ch\/de\/wp-content\/uploads\/2022\/10\/2.png\",\"width\":1080,\"height\":750,\"caption\":\"Epson Kassenbondrucker\"},{\"@type\":\"BreadcrumbList\",\"@id\":\"https:\/\/sitto.ch\/de\/epson-kassenbondrucker\/#breadcrumb\",\"itemListElement\":[{\"@type\":\"ListItem\",\"position\":1,\"name\":\"Home\",\"item\":\"https:\/\/sitto.ch\/de\/\"},{\"@type\":\"ListItem\",\"position\":2,\"name\":\"Epson Kassenbondrucker\"}]},{\"@type\":\"WebSite\",\"@id\":\"https:\/\/sitto.ch\/de\/#website\",\"url\":\"https:\/\/sitto.ch\/de\/\",\"name\":\"Sitto Payment GmbH\",\"description\":\"All-in-One-Pos-System f\u00fcr jedes Unternehmen\",\"publisher\":{\"@id\":\"https:\/\/sitto.ch\/de\/#organization\"},\"potentialAction\":[{\"@type\":\"SearchAction\",\"target\":{\"@type\":\"EntryPoint\",\"urlTemplate\":\"https:\/\/sitto.ch\/de\/?s={search_term_string}\"},\"query-input\":{\"@type\":\"PropertyValueSpecification\",\"valueRequired\":true,\"valueName\":\"search_term_string\"}}],\"inLanguage\":\"de-CH\"},{\"@type\":\"Organization\",\"@id\":\"https:\/\/sitto.ch\/de\/#organization\",\"name\":\"Sitto Payment GmbH\",\"url\":\"https:\/\/sitto.ch\/de\/\",\"logo\":{\"@type\":\"ImageObject\",\"inLanguage\":\"de-CH\",\"@id\":\"https:\/\/sitto.ch\/de\/#\/schema\/logo\/image\/\",\"url\":\"https:\/\/sitto.ch\/de\/wp-content\/uploads\/2022\/07\/logo-sito.svg\",\"contentUrl\":\"https:\/\/sitto.ch\/de\/wp-content\/uploads\/2022\/07\/logo-sito.svg\",\"caption\":\"Sitto Payment GmbH\"},\"image\":{\"@id\":\"https:\/\/sitto.ch\/de\/#\/schema\/logo\/image\/\"},\"sameAs\":[\"https:\/\/www.facebook.com\/sittopaymentsystem.ch\",\"https:\/\/www.instagram.com\/sitto.ch\/\"]}]}<\/script>\n<!-- \/ Yoast SEO plugin. -->","yoast_head_json":{"title":"Epson Kassenbondrucker - Sitto Payment GmbH","description":"Die Kombination aus schneller Druckgeschwindigkeit, hoher Zuverl\u00e4ssigkeit und wirtschaftlichem Betrieb.","robots":{"index":"index","follow":"follow","max-snippet":"max-snippet:-1","max-image-preview":"max-image-preview:large","max-video-preview":"max-video-preview:-1"},"canonical":"https:\/\/sitto.ch\/de\/epson-kassenbondrucker\/","og_locale":"de_DE","og_type":"article","og_title":"Epson Kassenbondrucker - Sitto Payment GmbH","og_description":"Die Kombination aus schneller Druckgeschwindigkeit, hoher Zuverl\u00e4ssigkeit und wirtschaftlichem Betrieb.","og_url":"https:\/\/sitto.ch\/de\/epson-kassenbondrucker\/","og_site_name":"Sitto Payment GmbH","article_publisher":"https:\/\/www.facebook.com\/sittopaymentsystem.ch","article_modified_time":"2022-10-05T10:11:13+00:00","og_image":[{"url":"https:\/\/sitto.ch\/de\/wp-content\/uploads\/2022\/10\/2.png","type":"","width":"","height":""}],"twitter_card":"summary_large_image","twitter_misc":{"Gesch\u00e4tzte Lesezeit":"2\u00a0Minuten"},"schema":{"@context":"https:\/\/schema.org","@graph":[{"@type":"WebPage","@id":"https:\/\/sitto.ch\/de\/epson-kassenbondrucker\/","url":"https:\/\/sitto.ch\/de\/epson-kassenbondrucker\/","name":"Epson Kassenbondrucker - Sitto Payment GmbH","isPartOf":{"@id":"https:\/\/sitto.ch\/de\/#website"},"primaryImageOfPage":{"@id":"https:\/\/sitto.ch\/de\/epson-kassenbondrucker\/#primaryimage"},"image":{"@id":"https:\/\/sitto.ch\/de\/epson-kassenbondrucker\/#primaryimage"},"thumbnailUrl":"https:\/\/sitto.ch\/de\/wp-content\/uploads\/2022\/10\/2.png","datePublished":"2022-10-04T13:20:17+00:00","dateModified":"2022-10-05T10:11:13+00:00","description":"Die Kombination aus schneller Druckgeschwindigkeit, hoher Zuverl\u00e4ssigkeit und wirtschaftlichem Betrieb.","breadcrumb":{"@id":"https:\/\/sitto.ch\/de\/epson-kassenbondrucker\/#breadcrumb"},"inLanguage":"de-CH","potentialAction":[{"@type":"ReadAction","target":["https:\/\/sitto.ch\/de\/epson-kassenbondrucker\/"]}]},{"@type":"ImageObject","inLanguage":"de-CH","@id":"https:\/\/sitto.ch\/de\/epson-kassenbondrucker\/#primaryimage","url":"https:\/\/sitto.ch\/de\/wp-content\/uploads\/2022\/10\/2.png","contentUrl":"https:\/\/sitto.ch\/de\/wp-content\/uploads\/2022\/10\/2.png","width":1080,"height":750,"caption":"Epson Kassenbondrucker"},{"@type":"BreadcrumbList","@id":"https:\/\/sitto.ch\/de\/epson-kassenbondrucker\/#breadcrumb","itemListElement":[{"@type":"ListItem","position":1,"name":"Home","item":"https:\/\/sitto.ch\/de\/"},{"@type":"ListItem","position":2,"name":"Epson Kassenbondrucker"}]},{"@type":"WebSite","@id":"https:\/\/sitto.ch\/de\/#website","url":"https:\/\/sitto.ch\/de\/","name":"Sitto Payment GmbH","description":"All-in-One-Pos-System f\u00fcr jedes Unternehmen","publisher":{"@id":"https:\/\/sitto.ch\/de\/#organization"},"potentialAction":[{"@type":"SearchAction","target":{"@type":"EntryPoint","urlTemplate":"https:\/\/sitto.ch\/de\/?s={search_term_string}"},"query-input":{"@type":"PropertyValueSpecification","valueRequired":true,"valueName":"search_term_string"}}],"inLanguage":"de-CH"},{"@type":"Organization","@id":"https:\/\/sitto.ch\/de\/#organization","name":"Sitto Payment GmbH","url":"https:\/\/sitto.ch\/de\/","logo":{"@type":"ImageObject","inLanguage":"de-CH","@id":"https:\/\/sitto.ch\/de\/#\/schema\/logo\/image\/","url":"https:\/\/sitto.ch\/de\/wp-content\/uploads\/2022\/07\/logo-sito.svg","contentUrl":"https:\/\/sitto.ch\/de\/wp-content\/uploads\/2022\/07\/logo-sito.svg","caption":"Sitto Payment GmbH"},"image":{"@id":"https:\/\/sitto.ch\/de\/#\/schema\/logo\/image\/"},"sameAs":["https:\/\/www.facebook.com\/sittopaymentsystem.ch","https:\/\/www.instagram.com\/sitto.ch\/"]}]}},"_links":{"self":[{"href":"https:\/\/sitto.ch\/de\/wp-json\/wp\/v2\/pages\/1170","targetHints":{"allow":["GET"]}}],"collection":[{"href":"https:\/\/sitto.ch\/de\/wp-json\/wp\/v2\/pages"}],"about":[{"href":"https:\/\/sitto.ch\/de\/wp-json\/wp\/v2\/types\/page"}],"author":[{"embeddable":true,"href":"https:\/\/sitto.ch\/de\/wp-json\/wp\/v2\/users\/1"}],"replies":[{"embeddable":true,"href":"https:\/\/sitto.ch\/de\/wp-json\/wp\/v2\/comments?post=1170"}],"version-history":[{"count":9,"href":"https:\/\/sitto.ch\/de\/wp-json\/wp\/v2\/pages\/1170\/revisions"}],"predecessor-version":[{"id":1327,"href":"https:\/\/sitto.ch\/de\/wp-json\/wp\/v2\/pages\/1170\/revisions\/1327"}],"wp:attachment":[{"href":"https:\/\/sitto.ch\/de\/wp-json\/wp\/v2\/media?parent=1170"}],"curies":[{"name":"wp","href":"https:\/\/api.w.org\/{rel}","templated":true}]}}