{"id":656,"date":"2022-10-03T06:50:14","date_gmt":"2022-10-03T06:50:14","guid":{"rendered":"https:\/\/sitto.ch\/de\/?page_id=656"},"modified":"2026-01-14T09:08:58","modified_gmt":"2026-01-14T09:08:58","slug":"frieseur","status":"publish","type":"page","link":"https:\/\/sitto.ch\/de\/frieseur\/","title":{"rendered":"Frieseur"},"content":{"rendered":"\t\t<div data-elementor-type=\"wp-page\" data-elementor-id=\"656\" class=\"elementor elementor-656\" data-elementor-post-type=\"page\">\n\t\t\t\t\t\t\t\t\t<section class=\"elementor-section elementor-top-section elementor-element elementor-element-33dbe4ce elementor-section-height-min-height elementor-reverse-mobile_extra elementor-reverse-mobile elementor-section-boxed elementor-section-height-default elementor-section-items-middle\" data-id=\"33dbe4ce\" data-element_type=\"section\" data-settings=\"{&quot;background_background&quot;:&quot;classic&quot;}\">\n\t\t\t\t\t\t\t<div class=\"elementor-background-overlay\"><\/div>\n\t\t\t\t\t\t\t<div class=\"elementor-container elementor-column-gap-no\">\n\t\t\t\t\t<div class=\"elementor-column elementor-col-100 elementor-top-column elementor-element elementor-element-9cbc5e9\" data-id=\"9cbc5e9\" data-element_type=\"column\">\n\t\t\t<div class=\"elementor-widget-wrap elementor-element-populated\">\n\t\t\t\t\t\t\t\t<div class=\"elementor-element elementor-element-2400d03f elementor-widget__width-initial elementor-widget-mobile_extra__width-inherit elementor-widget elementor-widget-heading\" data-id=\"2400d03f\" data-element_type=\"widget\" data-widget_type=\"heading.default\">\n\t\t\t\t<div class=\"elementor-widget-container\">\n\t\t\t<h1 class=\"elementor-heading-title elementor-size-default\">Das perfekte Kassensystem f\u00fcr den Coiffeur<\/h1>\t\t<\/div>\n\t\t\t\t<\/div>\n\t\t\t\t<div class=\"elementor-element elementor-element-56afc8d2 elementor-widget__width-initial elementor-widget-mobile_extra__width-inherit elementor-widget elementor-widget-text-editor\" data-id=\"56afc8d2\" data-element_type=\"widget\" data-widget_type=\"text-editor.default\">\n\t\t\t\t<div class=\"elementor-widget-container\">\n\t\t\t\t\t\t\t<p>Digitalisieren Sie Ihre Coiffeur-Salonverwaltung, maximieren Ihre Auslastung und steigern Sie Ihren Umsatz mit nur einer App.<\/p>\t\t\t\t\t\t<\/div>\n\t\t\t\t<\/div>\n\t\t\t\t<div class=\"elementor-element elementor-element-32803ca0 elementor-mobile-align-center elementor-widget elementor-widget-button\" data-id=\"32803ca0\" data-element_type=\"widget\" data-widget_type=\"button.default\">\n\t\t\t\t<div class=\"elementor-widget-container\">\n\t\t\t\t\t<div class=\"elementor-button-wrapper\">\n\t\t\t<a class=\"elementor-button elementor-button-link elementor-size-md\" href=\"https:\/\/sitto.ch\/de\/free-demo\/\">\n\t\t\t\t\t\t<span class=\"elementor-button-content-wrapper\">\n\t\t\t\t\t\t<span class=\"elementor-button-text\">Free demo<\/span>\n\t\t<\/span>\n\t\t\t\t\t<\/a>\n\t\t<\/div>\n\t\t\t\t<\/div>\n\t\t\t\t<\/div>\n\t\t\t\t\t<\/div>\n\t\t<\/div>\n\t\t\t\t\t\t\t<\/div>\n\t\t<\/section>\n\t\t\t\t<section class=\"elementor-section elementor-top-section elementor-element elementor-element-7cdc8522 elementor-section-height-min-height elementor-section-boxed elementor-section-height-default elementor-section-items-middle\" data-id=\"7cdc8522\" data-element_type=\"section\">\n\t\t\t\t\t\t<div class=\"elementor-container elementor-column-gap-no\">\n\t\t\t\t\t<div class=\"elementor-column elementor-col-50 elementor-top-column elementor-element elementor-element-7c3bdf55\" data-id=\"7c3bdf55\" data-element_type=\"column\">\n\t\t\t<div class=\"elementor-widget-wrap elementor-element-populated\">\n\t\t\t\t\t\t\t\t<div class=\"elementor-element elementor-element-2efedb2 elementor-widget elementor-widget-image\" data-id=\"2efedb2\" data-element_type=\"widget\" data-widget_type=\"image.default\">\n\t\t\t\t<div class=\"elementor-widget-container\">\n\t\t\t\t\t\t\t\t\t\t\t\t\t\t\t<img fetchpriority=\"high\" fetchpriority=\"high\" decoding=\"async\" width=\"896\" height=\"832\" src=\"https:\/\/sitto.ch\/de\/wp-content\/uploads\/2022\/10\/Herausragende-Komplettloesung-fuer-Ihr-Kosmetikstudio.jpg\" class=\"attachment-full size-full wp-image-2019\" alt=\"Frieseur - Smarte Salonverwaltung mit einem POS-Kassensystem\" srcset=\"https:\/\/sitto.ch\/de\/wp-content\/uploads\/2022\/10\/Herausragende-Komplettloesung-fuer-Ihr-Kosmetikstudio.jpg 896w, https:\/\/sitto.ch\/de\/wp-content\/uploads\/2022\/10\/Herausragende-Komplettloesung-fuer-Ihr-Kosmetikstudio-600x557.jpg 600w, https:\/\/sitto.ch\/de\/wp-content\/uploads\/2022\/10\/Herausragende-Komplettloesung-fuer-Ihr-Kosmetikstudio-300x279.jpg 300w, https:\/\/sitto.ch\/de\/wp-content\/uploads\/2022\/10\/Herausragende-Komplettloesung-fuer-Ihr-Kosmetikstudio-768x713.jpg 768w\" sizes=\"(max-width: 896px) 100vw, 896px\" \/>\t\t\t\t\t\t\t\t\t\t\t\t\t\t\t<\/div>\n\t\t\t\t<\/div>\n\t\t\t\t\t<\/div>\n\t\t<\/div>\n\t\t\t\t<div class=\"elementor-column elementor-col-50 elementor-top-column elementor-element elementor-element-5bddfae7\" data-id=\"5bddfae7\" data-element_type=\"column\">\n\t\t\t<div class=\"elementor-widget-wrap elementor-element-populated\">\n\t\t\t\t\t\t\t\t<div class=\"elementor-element elementor-element-46e43b3d elementor-widget elementor-widget-heading\" data-id=\"46e43b3d\" data-element_type=\"widget\" data-widget_type=\"heading.default\">\n\t\t\t\t<div class=\"elementor-widget-container\">\n\t\t\t<h2 class=\"elementor-heading-title elementor-size-default\">ALL-IN-ONE<\/h2>\t\t<\/div>\n\t\t\t\t<\/div>\n\t\t\t\t<div class=\"elementor-element elementor-element-53330b7f elementor-widget__width-initial elementor-widget elementor-widget-heading\" data-id=\"53330b7f\" data-element_type=\"widget\" data-widget_type=\"heading.default\">\n\t\t\t\t<div class=\"elementor-widget-container\">\n\t\t\t<h3 class=\"elementor-heading-title elementor-size-default\">Smarte Coiffeur-Salonverwaltung mit einem POS-Kassensystem<\/h3>\t\t<\/div>\n\t\t\t\t<\/div>\n\t\t\t\t<div class=\"elementor-element elementor-element-5591f72d elementor-widget__width-initial elementor-widget elementor-widget-text-editor\" data-id=\"5591f72d\" data-element_type=\"widget\" data-widget_type=\"text-editor.default\">\n\t\t\t\t<div class=\"elementor-widget-container\">\n\t\t\t\t\t\t\t<p>Mit einer POS-Software k\u00f6nnen Sie alle wichtigen Abl\u00e4ufe im Griff haben. Das Sitto-POS-System ist eine gewinnbringende Gesamtl\u00f6sung f\u00fcr Ihren Coiffeur-Salonalltag. Steigern Sie zugleich die Loyalit\u00e4t Ihrer Kunden und die Qualit\u00e4t Ihres Dienstes.<\/p>\t\t\t\t\t\t<\/div>\n\t\t\t\t<\/div>\n\t\t\t\t<div class=\"elementor-element elementor-element-3d2ae6c7 elementor-widget elementor-widget-button\" data-id=\"3d2ae6c7\" data-element_type=\"widget\" data-widget_type=\"button.default\">\n\t\t\t\t<div class=\"elementor-widget-container\">\n\t\t\t\t\t<div class=\"elementor-button-wrapper\">\n\t\t\t<a class=\"elementor-button elementor-button-link elementor-size-md\" href=\"https:\/\/sitto.ch\/de\/free-demo\/\">\n\t\t\t\t\t\t<span class=\"elementor-button-content-wrapper\">\n\t\t\t\t\t\t<span class=\"elementor-button-text\">Free Demo<\/span>\n\t\t<\/span>\n\t\t\t\t\t<\/a>\n\t\t<\/div>\n\t\t\t\t<\/div>\n\t\t\t\t<\/div>\n\t\t\t\t\t<\/div>\n\t\t<\/div>\n\t\t\t\t\t\t\t<\/div>\n\t\t<\/section>\n\t\t\t\t<section class=\"elementor-section elementor-top-section elementor-element elementor-element-2c7038a2 elementor-section-boxed elementor-section-height-default elementor-section-height-default\" data-id=\"2c7038a2\" data-element_type=\"section\" data-settings=\"{&quot;background_background&quot;:&quot;classic&quot;}\">\n\t\t\t\t\t\t<div class=\"elementor-container elementor-column-gap-no\">\n\t\t\t\t\t<div class=\"elementor-column elementor-col-100 elementor-top-column elementor-element elementor-element-2dd40ded\" data-id=\"2dd40ded\" data-element_type=\"column\">\n\t\t\t<div class=\"elementor-widget-wrap elementor-element-populated\">\n\t\t\t\t\t\t\t\t<section class=\"elementor-section elementor-inner-section elementor-element elementor-element-476f3752 elementor-section-boxed elementor-section-height-default elementor-section-height-default\" data-id=\"476f3752\" data-element_type=\"section\" data-settings=\"{&quot;background_background&quot;:&quot;classic&quot;}\">\n\t\t\t\t\t\t<div class=\"elementor-container elementor-column-gap-default\">\n\t\t\t\t\t<div class=\"elementor-column elementor-col-50 elementor-inner-column elementor-element elementor-element-8e05c2\" data-id=\"8e05c2\" data-element_type=\"column\">\n\t\t\t<div class=\"elementor-widget-wrap elementor-element-populated\">\n\t\t\t\t\t\t\t\t<div class=\"elementor-element elementor-element-5776c193 elementor-widget__width-initial elementor-widget elementor-widget-heading\" data-id=\"5776c193\" data-element_type=\"widget\" data-widget_type=\"heading.default\">\n\t\t\t\t<div class=\"elementor-widget-container\">\n\t\t\t<h2 class=\"elementor-heading-title elementor-size-default\">H\u00e4ufig gestellte Fragen<\/h2>\t\t<\/div>\n\t\t\t\t<\/div>\n\t\t\t\t\t<\/div>\n\t\t<\/div>\n\t\t\t\t<div class=\"elementor-column elementor-col-50 elementor-inner-column elementor-element elementor-element-1eef851e\" data-id=\"1eef851e\" data-element_type=\"column\">\n\t\t\t<div class=\"elementor-widget-wrap elementor-element-populated\">\n\t\t\t\t\t\t\t\t<div class=\"elementor-element elementor-element-167006ad #toggle1 elementor-widget elementor-widget-toggle\" data-id=\"167006ad\" data-element_type=\"widget\" data-widget_type=\"toggle.default\">\n\t\t\t\t<div class=\"elementor-widget-container\">\n\t\t\t\t\t<div class=\"elementor-toggle\">\n\t\t\t\t\t\t\t<div class=\"elementor-toggle-item\">\n\t\t\t\t\t<div id=\"elementor-tab-title-3761\" class=\"elementor-tab-title\" data-tab=\"1\" role=\"button\" aria-controls=\"elementor-tab-content-3761\" aria-expanded=\"false\">\n\t\t\t\t\t\t\t\t\t\t\t\t<span class=\"elementor-toggle-icon elementor-toggle-icon-right\" aria-hidden=\"true\">\n\t\t\t\t\t\t\t\t\t\t\t\t\t\t\t<span class=\"elementor-toggle-icon-closed\"><i class=\"fas fa-plus\"><\/i><\/span>\n\t\t\t\t\t\t\t\t<span class=\"elementor-toggle-icon-opened\"><i class=\"elementor-toggle-icon-opened fas fa-window-minimize\"><\/i><\/span>\n\t\t\t\t\t\t\t\t\t\t\t\t\t<\/span>\n\t\t\t\t\t\t\t\t\t\t\t\t<a class=\"elementor-toggle-title\" tabindex=\"0\">Welche Vorteile bietet das Sitto-POS-Kassensystem f\u00fcr meine Kunden?<\/a>\n\t\t\t\t\t<\/div>\n\n\t\t\t\t\t<div id=\"elementor-tab-content-3761\" class=\"elementor-tab-content elementor-clearfix\" data-tab=\"1\" role=\"region\" aria-labelledby=\"elementor-tab-title-3761\">Mit Sitto-POS sind Sie f\u00fcr Ihre Kunden zu jeder Zeit buchbar. Sitto-POS-Software bietet in Ihrem Paket eine Funktion der Onlineterminbuchung \u00fcber Facebook, Instagram, Google oder \u00fcber Ihre Website an. Ihre Kunden k\u00f6nnen im Handumdrehen einen der freien Termine ausw\u00e4hlen, buchen und direkt bezahlen.<\/div>\n\t\t\t\t<\/div>\n\t\t\t\t\t\t\t<div class=\"elementor-toggle-item\">\n\t\t\t\t\t<div id=\"elementor-tab-title-3762\" class=\"elementor-tab-title\" data-tab=\"2\" role=\"button\" aria-controls=\"elementor-tab-content-3762\" aria-expanded=\"false\">\n\t\t\t\t\t\t\t\t\t\t\t\t<span class=\"elementor-toggle-icon elementor-toggle-icon-right\" aria-hidden=\"true\">\n\t\t\t\t\t\t\t\t\t\t\t\t\t\t\t<span class=\"elementor-toggle-icon-closed\"><i class=\"fas fa-plus\"><\/i><\/span>\n\t\t\t\t\t\t\t\t<span class=\"elementor-toggle-icon-opened\"><i class=\"elementor-toggle-icon-opened fas fa-window-minimize\"><\/i><\/span>\n\t\t\t\t\t\t\t\t\t\t\t\t\t<\/span>\n\t\t\t\t\t\t\t\t\t\t\t\t<a class=\"elementor-toggle-title\" tabindex=\"0\">Wie kann ich mit Sitto-POS-Software meinen Umsatz steigern?<\/a>\n\t\t\t\t\t<\/div>\n\n\t\t\t\t\t<div id=\"elementor-tab-content-3762\" class=\"elementor-tab-content elementor-clearfix\" data-tab=\"2\" role=\"region\" aria-labelledby=\"elementor-tab-title-3762\">Mit unserer POS-Software reduzieren Sie die M\u00f6glichkeit der Terminausf\u00e4lle. Kunden erhalten automatisierte Terminerinnerungen per E-Mail oder SMS. Kunden k\u00f6nnen den Termin bei Bedarf online verschieben oder absagen, wobei das System alles automatisch bearbeitet. Eine einfache digitale Terminverwaltung l\u00e4sst Ihnen mehr Zeit f\u00fcr Ihr Kerngesch\u00e4ft und erleichtert den Kunden, Ihre Dienstleistungen leichter und schneller zu buchen.<\/div>\n\t\t\t\t<\/div>\n\t\t\t\t\t\t\t<div class=\"elementor-toggle-item\">\n\t\t\t\t\t<div id=\"elementor-tab-title-3763\" class=\"elementor-tab-title\" data-tab=\"3\" role=\"button\" aria-controls=\"elementor-tab-content-3763\" aria-expanded=\"false\">\n\t\t\t\t\t\t\t\t\t\t\t\t<span class=\"elementor-toggle-icon elementor-toggle-icon-right\" aria-hidden=\"true\">\n\t\t\t\t\t\t\t\t\t\t\t\t\t\t\t<span class=\"elementor-toggle-icon-closed\"><i class=\"fas fa-plus\"><\/i><\/span>\n\t\t\t\t\t\t\t\t<span class=\"elementor-toggle-icon-opened\"><i class=\"elementor-toggle-icon-opened fas fa-window-minimize\"><\/i><\/span>\n\t\t\t\t\t\t\t\t\t\t\t\t\t<\/span>\n\t\t\t\t\t\t\t\t\t\t\t\t<a class=\"elementor-toggle-title\" tabindex=\"0\">Wie kann ich meine Dienstleistungen mit Sitto-POS verbessern?<\/a>\n\t\t\t\t\t<\/div>\n\n\t\t\t\t\t<div id=\"elementor-tab-content-3763\" class=\"elementor-tab-content elementor-clearfix\" data-tab=\"3\" role=\"region\" aria-labelledby=\"elementor-tab-title-3763\">Sitto-POS ist mehr als nur ein Kassensystem. Bei jeder Onlinebuchung wird f\u00fcr den neuen Kunden ein Portfolie mit wichtigen Daten und Informationen erstellt. Mit jedem neuen Besuch wird das Kundenprofil aktualisiert. Auf diese Weise k\u00f6nnen Sie sich auf jeden Termin vorbereiten hinsichtlich der Leistungen, die der Kunde\/ die Kundin am h\u00e4ufigsten ausw\u00e4hlt. Mit Sitto kennen Sie Ihre Kunden besser und wissen, was sie in Ihrem Salon erwarten.<\/div>\n\t\t\t\t<\/div>\n\t\t\t\t\t\t\t<div class=\"elementor-toggle-item\">\n\t\t\t\t\t<div id=\"elementor-tab-title-3764\" class=\"elementor-tab-title\" data-tab=\"4\" role=\"button\" aria-controls=\"elementor-tab-content-3764\" aria-expanded=\"false\">\n\t\t\t\t\t\t\t\t\t\t\t\t<span class=\"elementor-toggle-icon elementor-toggle-icon-right\" aria-hidden=\"true\">\n\t\t\t\t\t\t\t\t\t\t\t\t\t\t\t<span class=\"elementor-toggle-icon-closed\"><i class=\"fas fa-plus\"><\/i><\/span>\n\t\t\t\t\t\t\t\t<span class=\"elementor-toggle-icon-opened\"><i class=\"elementor-toggle-icon-opened fas fa-window-minimize\"><\/i><\/span>\n\t\t\t\t\t\t\t\t\t\t\t\t\t<\/span>\n\t\t\t\t\t\t\t\t\t\t\t\t<a class=\"elementor-toggle-title\" tabindex=\"0\">Wie hilft mir Sitto bei Mitarbeiterverwaltung?<\/a>\n\t\t\t\t\t<\/div>\n\n\t\t\t\t\t<div id=\"elementor-tab-content-3764\" class=\"elementor-tab-content elementor-clearfix\" data-tab=\"4\" role=\"region\" aria-labelledby=\"elementor-tab-title-3764\">Sitto-POS erm\u00f6glicht eine digitale Mitarbeiterverwaltung, mit der Sie einen besseren \u00dcberblick \u00fcber den Dienstplan Ihrer Mitarbeiter haben. Daneben k\u00f6nnen Kunden den gew\u00fcnschten Mitarbeiter direkt mitbuchen.<\/div>\n\t\t\t\t<\/div>\n\t\t\t\t\t\t\t\t<\/div>\n\t\t\t\t<\/div>\n\t\t\t\t<\/div>\n\t\t\t\t\t<\/div>\n\t\t<\/div>\n\t\t\t\t\t\t\t<\/div>\n\t\t<\/section>\n\t\t\t\t\t<\/div>\n\t\t<\/div>\n\t\t\t\t\t\t\t<\/div>\n\t\t<\/section>\n\t\t\t\t\t\t\t<\/div>\n\t\t","protected":false},"excerpt":{"rendered":"<p>Das perfekte Kassensystem f\u00fcr den Coiffeur Digitalisieren Sie Ihre Coiffeur-Salonverwaltung, maximieren Ihre Auslastung und steigern Sie Ihren Umsatz mit nur einer App. Free demo ALL-IN-ONE Smarte Coiffeur-Salonverwaltung mit einem POS-Kassensystem Mit einer POS-Software k\u00f6nnen Sie alle wichtigen Abl\u00e4ufe im Griff haben. Das Sitto-POS-System ist eine gewinnbringende Gesamtl\u00f6sung f\u00fcr Ihren Coiffeur-Salonalltag. Steigern Sie zugleich die Loyalit\u00e4t [&hellip;]<\/p>\n","protected":false},"author":1,"featured_media":0,"parent":0,"menu_order":0,"comment_status":"closed","ping_status":"closed","template":"","meta":{"_et_pb_use_builder":"","_et_pb_old_content":"","_et_gb_content_width":"","footnotes":""},"class_list":["post-656","page","type-page","status-publish","hentry"],"yoast_head":"<!-- This site is optimized with the Yoast SEO plugin v26.8 - https:\/\/yoast.com\/product\/yoast-seo-wordpress\/ -->\n<title>Kassensystem Coiffeur - Kasse Coiffeur - Kassensoftware Coiffeur - Sitto Payment GmbH<\/title>\n<meta name=\"description\" content=\"Frieseur - Digitalisieren Sie Ihre Salonverwaltung, maximieren Ihre Auslastung und steigern Sie Ihren Umsatz mit nur einer App.\" \/>\n<meta name=\"robots\" content=\"index, follow, max-snippet:-1, max-image-preview:large, max-video-preview:-1\" \/>\n<link rel=\"canonical\" href=\"https:\/\/sitto.ch\/de\/frieseur\/\" \/>\n<meta property=\"og:locale\" content=\"de_DE\" \/>\n<meta property=\"og:type\" content=\"article\" \/>\n<meta property=\"og:title\" content=\"Kassensystem Coiffeur - Kasse Coiffeur - Kassensoftware Coiffeur - Sitto Payment GmbH\" \/>\n<meta property=\"og:description\" content=\"Frieseur - Digitalisieren Sie Ihre Salonverwaltung, maximieren Ihre Auslastung und steigern Sie Ihren Umsatz mit nur einer App.\" \/>\n<meta property=\"og:url\" content=\"https:\/\/sitto.ch\/de\/frieseur\/\" \/>\n<meta property=\"og:site_name\" content=\"Sitto Payment GmbH\" \/>\n<meta property=\"article:publisher\" content=\"https:\/\/www.facebook.com\/sittopaymentsystem.ch\" \/>\n<meta property=\"article:modified_time\" content=\"2026-01-14T09:08:58+00:00\" \/>\n<meta property=\"og:image\" content=\"https:\/\/sitto.ch\/de\/wp-content\/uploads\/2022\/10\/Herausragende-Komplettloesung-fuer-Ihr-Kosmetikstudio.jpg\" \/>\n<meta name=\"twitter:card\" content=\"summary_large_image\" \/>\n<meta name=\"twitter:label1\" content=\"Gesch\u00e4tzte Lesezeit\" \/>\n\t<meta name=\"twitter:data1\" content=\"2\u00a0Minuten\" \/>\n<script type=\"application\/ld+json\" class=\"yoast-schema-graph\">{\"@context\":\"https:\/\/schema.org\",\"@graph\":[{\"@type\":\"WebPage\",\"@id\":\"https:\/\/sitto.ch\/de\/frieseur\/\",\"url\":\"https:\/\/sitto.ch\/de\/frieseur\/\",\"name\":\"Kassensystem Coiffeur - Kasse Coiffeur - Kassensoftware Coiffeur - Sitto Payment GmbH\",\"isPartOf\":{\"@id\":\"https:\/\/sitto.ch\/de\/#website\"},\"primaryImageOfPage\":{\"@id\":\"https:\/\/sitto.ch\/de\/frieseur\/#primaryimage\"},\"image\":{\"@id\":\"https:\/\/sitto.ch\/de\/frieseur\/#primaryimage\"},\"thumbnailUrl\":\"https:\/\/sitto.ch\/de\/wp-content\/uploads\/2022\/10\/Herausragende-Komplettloesung-fuer-Ihr-Kosmetikstudio.jpg\",\"datePublished\":\"2022-10-03T06:50:14+00:00\",\"dateModified\":\"2026-01-14T09:08:58+00:00\",\"description\":\"Frieseur - Digitalisieren Sie Ihre Salonverwaltung, maximieren Ihre Auslastung und steigern Sie Ihren Umsatz mit nur einer App.\",\"breadcrumb\":{\"@id\":\"https:\/\/sitto.ch\/de\/frieseur\/#breadcrumb\"},\"inLanguage\":\"de-CH\",\"potentialAction\":[{\"@type\":\"ReadAction\",\"target\":[\"https:\/\/sitto.ch\/de\/frieseur\/\"]}]},{\"@type\":\"ImageObject\",\"inLanguage\":\"de-CH\",\"@id\":\"https:\/\/sitto.ch\/de\/frieseur\/#primaryimage\",\"url\":\"https:\/\/sitto.ch\/de\/wp-content\/uploads\/2022\/10\/Herausragende-Komplettloesung-fuer-Ihr-Kosmetikstudio.jpg\",\"contentUrl\":\"https:\/\/sitto.ch\/de\/wp-content\/uploads\/2022\/10\/Herausragende-Komplettloesung-fuer-Ihr-Kosmetikstudio.jpg\",\"width\":896,\"height\":832,\"caption\":\"Frieseur - Smarte Salonverwaltung mit einem POS-Kassensystem\"},{\"@type\":\"BreadcrumbList\",\"@id\":\"https:\/\/sitto.ch\/de\/frieseur\/#breadcrumb\",\"itemListElement\":[{\"@type\":\"ListItem\",\"position\":1,\"name\":\"Home\",\"item\":\"https:\/\/sitto.ch\/de\/\"},{\"@type\":\"ListItem\",\"position\":2,\"name\":\"Frieseur\"}]},{\"@type\":\"WebSite\",\"@id\":\"https:\/\/sitto.ch\/de\/#website\",\"url\":\"https:\/\/sitto.ch\/de\/\",\"name\":\"Sitto Payment GmbH\",\"description\":\"All-in-One-Pos-System f\u00fcr jedes Unternehmen\",\"publisher\":{\"@id\":\"https:\/\/sitto.ch\/de\/#organization\"},\"potentialAction\":[{\"@type\":\"SearchAction\",\"target\":{\"@type\":\"EntryPoint\",\"urlTemplate\":\"https:\/\/sitto.ch\/de\/?s={search_term_string}\"},\"query-input\":{\"@type\":\"PropertyValueSpecification\",\"valueRequired\":true,\"valueName\":\"search_term_string\"}}],\"inLanguage\":\"de-CH\"},{\"@type\":\"Organization\",\"@id\":\"https:\/\/sitto.ch\/de\/#organization\",\"name\":\"Sitto Payment GmbH\",\"url\":\"https:\/\/sitto.ch\/de\/\",\"logo\":{\"@type\":\"ImageObject\",\"inLanguage\":\"de-CH\",\"@id\":\"https:\/\/sitto.ch\/de\/#\/schema\/logo\/image\/\",\"url\":\"https:\/\/sitto.ch\/de\/wp-content\/uploads\/2022\/07\/logo-sito.svg\",\"contentUrl\":\"https:\/\/sitto.ch\/de\/wp-content\/uploads\/2022\/07\/logo-sito.svg\",\"caption\":\"Sitto Payment GmbH\"},\"image\":{\"@id\":\"https:\/\/sitto.ch\/de\/#\/schema\/logo\/image\/\"},\"sameAs\":[\"https:\/\/www.facebook.com\/sittopaymentsystem.ch\",\"https:\/\/www.instagram.com\/sitto.ch\/\"]}]}<\/script>\n<!-- \/ Yoast SEO plugin. -->","yoast_head_json":{"title":"Kassensystem Coiffeur - Kasse Coiffeur - Kassensoftware Coiffeur - Sitto Payment GmbH","description":"Frieseur - Digitalisieren Sie Ihre Salonverwaltung, maximieren Ihre Auslastung und steigern Sie Ihren Umsatz mit nur einer App.","robots":{"index":"index","follow":"follow","max-snippet":"max-snippet:-1","max-image-preview":"max-image-preview:large","max-video-preview":"max-video-preview:-1"},"canonical":"https:\/\/sitto.ch\/de\/frieseur\/","og_locale":"de_DE","og_type":"article","og_title":"Kassensystem Coiffeur - Kasse Coiffeur - Kassensoftware Coiffeur - Sitto Payment GmbH","og_description":"Frieseur - Digitalisieren Sie Ihre Salonverwaltung, maximieren Ihre Auslastung und steigern Sie Ihren Umsatz mit nur einer App.","og_url":"https:\/\/sitto.ch\/de\/frieseur\/","og_site_name":"Sitto Payment GmbH","article_publisher":"https:\/\/www.facebook.com\/sittopaymentsystem.ch","article_modified_time":"2026-01-14T09:08:58+00:00","og_image":[{"url":"https:\/\/sitto.ch\/de\/wp-content\/uploads\/2022\/10\/Herausragende-Komplettloesung-fuer-Ihr-Kosmetikstudio.jpg","type":"","width":"","height":""}],"twitter_card":"summary_large_image","twitter_misc":{"Gesch\u00e4tzte Lesezeit":"2\u00a0Minuten"},"schema":{"@context":"https:\/\/schema.org","@graph":[{"@type":"WebPage","@id":"https:\/\/sitto.ch\/de\/frieseur\/","url":"https:\/\/sitto.ch\/de\/frieseur\/","name":"Kassensystem Coiffeur - Kasse Coiffeur - Kassensoftware Coiffeur - Sitto Payment GmbH","isPartOf":{"@id":"https:\/\/sitto.ch\/de\/#website"},"primaryImageOfPage":{"@id":"https:\/\/sitto.ch\/de\/frieseur\/#primaryimage"},"image":{"@id":"https:\/\/sitto.ch\/de\/frieseur\/#primaryimage"},"thumbnailUrl":"https:\/\/sitto.ch\/de\/wp-content\/uploads\/2022\/10\/Herausragende-Komplettloesung-fuer-Ihr-Kosmetikstudio.jpg","datePublished":"2022-10-03T06:50:14+00:00","dateModified":"2026-01-14T09:08:58+00:00","description":"Frieseur - Digitalisieren Sie Ihre Salonverwaltung, maximieren Ihre Auslastung und steigern Sie Ihren Umsatz mit nur einer App.","breadcrumb":{"@id":"https:\/\/sitto.ch\/de\/frieseur\/#breadcrumb"},"inLanguage":"de-CH","potentialAction":[{"@type":"ReadAction","target":["https:\/\/sitto.ch\/de\/frieseur\/"]}]},{"@type":"ImageObject","inLanguage":"de-CH","@id":"https:\/\/sitto.ch\/de\/frieseur\/#primaryimage","url":"https:\/\/sitto.ch\/de\/wp-content\/uploads\/2022\/10\/Herausragende-Komplettloesung-fuer-Ihr-Kosmetikstudio.jpg","contentUrl":"https:\/\/sitto.ch\/de\/wp-content\/uploads\/2022\/10\/Herausragende-Komplettloesung-fuer-Ihr-Kosmetikstudio.jpg","width":896,"height":832,"caption":"Frieseur - Smarte Salonverwaltung mit einem POS-Kassensystem"},{"@type":"BreadcrumbList","@id":"https:\/\/sitto.ch\/de\/frieseur\/#breadcrumb","itemListElement":[{"@type":"ListItem","position":1,"name":"Home","item":"https:\/\/sitto.ch\/de\/"},{"@type":"ListItem","position":2,"name":"Frieseur"}]},{"@type":"WebSite","@id":"https:\/\/sitto.ch\/de\/#website","url":"https:\/\/sitto.ch\/de\/","name":"Sitto Payment GmbH","description":"All-in-One-Pos-System f\u00fcr jedes Unternehmen","publisher":{"@id":"https:\/\/sitto.ch\/de\/#organization"},"potentialAction":[{"@type":"SearchAction","target":{"@type":"EntryPoint","urlTemplate":"https:\/\/sitto.ch\/de\/?s={search_term_string}"},"query-input":{"@type":"PropertyValueSpecification","valueRequired":true,"valueName":"search_term_string"}}],"inLanguage":"de-CH"},{"@type":"Organization","@id":"https:\/\/sitto.ch\/de\/#organization","name":"Sitto Payment GmbH","url":"https:\/\/sitto.ch\/de\/","logo":{"@type":"ImageObject","inLanguage":"de-CH","@id":"https:\/\/sitto.ch\/de\/#\/schema\/logo\/image\/","url":"https:\/\/sitto.ch\/de\/wp-content\/uploads\/2022\/07\/logo-sito.svg","contentUrl":"https:\/\/sitto.ch\/de\/wp-content\/uploads\/2022\/07\/logo-sito.svg","caption":"Sitto Payment GmbH"},"image":{"@id":"https:\/\/sitto.ch\/de\/#\/schema\/logo\/image\/"},"sameAs":["https:\/\/www.facebook.com\/sittopaymentsystem.ch","https:\/\/www.instagram.com\/sitto.ch\/"]}]}},"_links":{"self":[{"href":"https:\/\/sitto.ch\/de\/wp-json\/wp\/v2\/pages\/656","targetHints":{"allow":["GET"]}}],"collection":[{"href":"https:\/\/sitto.ch\/de\/wp-json\/wp\/v2\/pages"}],"about":[{"href":"https:\/\/sitto.ch\/de\/wp-json\/wp\/v2\/types\/page"}],"author":[{"embeddable":true,"href":"https:\/\/sitto.ch\/de\/wp-json\/wp\/v2\/users\/1"}],"replies":[{"embeddable":true,"href":"https:\/\/sitto.ch\/de\/wp-json\/wp\/v2\/comments?post=656"}],"version-history":[{"count":50,"href":"https:\/\/sitto.ch\/de\/wp-json\/wp\/v2\/pages\/656\/revisions"}],"predecessor-version":[{"id":5626,"href":"https:\/\/sitto.ch\/de\/wp-json\/wp\/v2\/pages\/656\/revisions\/5626"}],"wp:attachment":[{"href":"https:\/\/sitto.ch\/de\/wp-json\/wp\/v2\/media?parent=656"}],"curies":[{"name":"wp","href":"https:\/\/api.w.org\/{rel}","templated":true}]}}