{"id":658,"date":"2022-10-03T06:50:27","date_gmt":"2022-10-03T06:50:27","guid":{"rendered":"https:\/\/sitto.ch\/de\/?page_id=658"},"modified":"2026-01-14T09:10:00","modified_gmt":"2026-01-14T09:10:00","slug":"beauty","status":"publish","type":"page","link":"https:\/\/sitto.ch\/de\/beauty\/","title":{"rendered":"Kosmetik &#038; Beauty"},"content":{"rendered":"\t\t<div data-elementor-type=\"wp-page\" data-elementor-id=\"658\" class=\"elementor elementor-658\" data-elementor-post-type=\"page\">\n\t\t\t\t\t\t\t\t\t<section class=\"elementor-section elementor-top-section elementor-element elementor-element-b329bd0 elementor-section-height-min-height elementor-reverse-mobile_extra elementor-reverse-mobile elementor-section-boxed elementor-section-height-default elementor-section-items-middle\" data-id=\"b329bd0\" data-element_type=\"section\" data-settings=\"{&quot;background_background&quot;:&quot;classic&quot;}\">\n\t\t\t\t\t\t\t<div class=\"elementor-background-overlay\"><\/div>\n\t\t\t\t\t\t\t<div class=\"elementor-container elementor-column-gap-no\">\n\t\t\t\t\t<div class=\"elementor-column elementor-col-100 elementor-top-column elementor-element elementor-element-413a7c54\" data-id=\"413a7c54\" data-element_type=\"column\">\n\t\t\t<div class=\"elementor-widget-wrap elementor-element-populated\">\n\t\t\t\t\t\t\t\t<div class=\"elementor-element elementor-element-7b58b300 elementor-widget__width-initial elementor-widget-mobile_extra__width-inherit elementor-widget elementor-widget-heading\" data-id=\"7b58b300\" data-element_type=\"widget\" data-widget_type=\"heading.default\">\n\t\t\t\t<div class=\"elementor-widget-container\">\n\t\t\t<h1 class=\"elementor-heading-title elementor-size-default\">Der ideale Assistent f\u00fcr Ihren Kosmetik-&amp; Beauty-Salon<\/h1>\t\t<\/div>\n\t\t\t\t<\/div>\n\t\t\t\t<div class=\"elementor-element elementor-element-6a92b3fc elementor-widget__width-initial elementor-widget-mobile_extra__width-inherit elementor-widget elementor-widget-text-editor\" data-id=\"6a92b3fc\" data-element_type=\"widget\" data-widget_type=\"text-editor.default\">\n\t\t\t\t<div class=\"elementor-widget-container\">\n\t\t\t\t\t\t\tHolen Sie Ihren vielseitigen Sitto-Partner und erleichtern alle Abl\u00e4ufe in Ihrem Betrieb.\t\t\t\t\t\t<\/div>\n\t\t\t\t<\/div>\n\t\t\t\t<div class=\"elementor-element elementor-element-25c1f23f elementor-mobile-align-center elementor-widget elementor-widget-button\" data-id=\"25c1f23f\" data-element_type=\"widget\" data-widget_type=\"button.default\">\n\t\t\t\t<div class=\"elementor-widget-container\">\n\t\t\t\t\t<div class=\"elementor-button-wrapper\">\n\t\t\t<a class=\"elementor-button elementor-button-link elementor-size-md\" href=\"https:\/\/sitto.ch\/de\/free-demo\/\">\n\t\t\t\t\t\t<span class=\"elementor-button-content-wrapper\">\n\t\t\t\t\t\t<span class=\"elementor-button-text\">Free demo<\/span>\n\t\t<\/span>\n\t\t\t\t\t<\/a>\n\t\t<\/div>\n\t\t\t\t<\/div>\n\t\t\t\t<\/div>\n\t\t\t\t\t<\/div>\n\t\t<\/div>\n\t\t\t\t\t\t\t<\/div>\n\t\t<\/section>\n\t\t\t\t<section class=\"elementor-section elementor-top-section elementor-element elementor-element-7be4f62d elementor-section-height-min-height elementor-section-boxed elementor-section-height-default elementor-section-items-middle\" data-id=\"7be4f62d\" data-element_type=\"section\">\n\t\t\t\t\t\t<div class=\"elementor-container elementor-column-gap-no\">\n\t\t\t\t\t<div class=\"elementor-column elementor-col-50 elementor-top-column elementor-element elementor-element-3e7f4ede\" data-id=\"3e7f4ede\" data-element_type=\"column\">\n\t\t\t<div class=\"elementor-widget-wrap elementor-element-populated\">\n\t\t\t\t\t\t\t\t<div class=\"elementor-element elementor-element-593f87a0 elementor-widget elementor-widget-image\" data-id=\"593f87a0\" data-element_type=\"widget\" data-widget_type=\"image.default\">\n\t\t\t\t<div class=\"elementor-widget-container\">\n\t\t\t\t\t\t\t\t\t\t\t\t\t\t\t<img fetchpriority=\"high\" fetchpriority=\"high\" decoding=\"async\" width=\"896\" height=\"832\" src=\"https:\/\/sitto.ch\/de\/wp-content\/uploads\/2022\/10\/Beauty3.jpg\" class=\"attachment-full size-full wp-image-2593\" alt=\"Beauty - Herausragende Komplettl\u00f6sung f\u00fcr Ihr Kosmetikstudio\" srcset=\"https:\/\/sitto.ch\/de\/wp-content\/uploads\/2022\/10\/Beauty3.jpg 896w, https:\/\/sitto.ch\/de\/wp-content\/uploads\/2022\/10\/Beauty3-600x557.jpg 600w, https:\/\/sitto.ch\/de\/wp-content\/uploads\/2022\/10\/Beauty3-300x279.jpg 300w, https:\/\/sitto.ch\/de\/wp-content\/uploads\/2022\/10\/Beauty3-768x713.jpg 768w\" sizes=\"(max-width: 896px) 100vw, 896px\" \/>\t\t\t\t\t\t\t\t\t\t\t\t\t\t\t<\/div>\n\t\t\t\t<\/div>\n\t\t\t\t\t<\/div>\n\t\t<\/div>\n\t\t\t\t<div class=\"elementor-column elementor-col-50 elementor-top-column elementor-element elementor-element-1a169520\" data-id=\"1a169520\" data-element_type=\"column\">\n\t\t\t<div class=\"elementor-widget-wrap elementor-element-populated\">\n\t\t\t\t\t\t\t\t<div class=\"elementor-element elementor-element-34d8a1cf elementor-widget elementor-widget-heading\" data-id=\"34d8a1cf\" data-element_type=\"widget\" data-widget_type=\"heading.default\">\n\t\t\t\t<div class=\"elementor-widget-container\">\n\t\t\t<h2 class=\"elementor-heading-title elementor-size-default\">ALL-IN-ONE<\/h2>\t\t<\/div>\n\t\t\t\t<\/div>\n\t\t\t\t<div class=\"elementor-element elementor-element-67d19ca1 elementor-widget__width-initial elementor-widget elementor-widget-heading\" data-id=\"67d19ca1\" data-element_type=\"widget\" data-widget_type=\"heading.default\">\n\t\t\t\t<div class=\"elementor-widget-container\">\n\t\t\t<h3 class=\"elementor-heading-title elementor-size-default\">Herausragende Komplettl\u00f6sung f\u00fcr Ihr Kosmetikstudio<\/h3>\t\t<\/div>\n\t\t\t\t<\/div>\n\t\t\t\t<div class=\"elementor-element elementor-element-2a9ecfe0 elementor-widget__width-initial elementor-widget elementor-widget-text-editor\" data-id=\"2a9ecfe0\" data-element_type=\"widget\" data-widget_type=\"text-editor.default\">\n\t\t\t\t<div class=\"elementor-widget-container\">\n\t\t\t\t\t\t\tMit dem Sitto-Kassensystem f\u00fcr Ihr Kosmetik-Studio profitieren Sie von leichter Termin- und Kundenverwaltung, sowie von digitaler und zentraler Zahlungsabwicklung aus einer Hand.\t\t\t\t\t\t<\/div>\n\t\t\t\t<\/div>\n\t\t\t\t<div class=\"elementor-element elementor-element-44aecfc elementor-widget elementor-widget-button\" data-id=\"44aecfc\" data-element_type=\"widget\" data-widget_type=\"button.default\">\n\t\t\t\t<div class=\"elementor-widget-container\">\n\t\t\t\t\t<div class=\"elementor-button-wrapper\">\n\t\t\t<a class=\"elementor-button elementor-button-link elementor-size-md\" href=\"https:\/\/sitto.ch\/de\/free-demo\/\">\n\t\t\t\t\t\t<span class=\"elementor-button-content-wrapper\">\n\t\t\t\t\t\t<span class=\"elementor-button-text\">Free Demo<\/span>\n\t\t<\/span>\n\t\t\t\t\t<\/a>\n\t\t<\/div>\n\t\t\t\t<\/div>\n\t\t\t\t<\/div>\n\t\t\t\t\t<\/div>\n\t\t<\/div>\n\t\t\t\t\t\t\t<\/div>\n\t\t<\/section>\n\t\t\t\t<section class=\"elementor-section elementor-top-section elementor-element elementor-element-42cf1347 elementor-section-boxed elementor-section-height-default elementor-section-height-default\" data-id=\"42cf1347\" data-element_type=\"section\" data-settings=\"{&quot;background_background&quot;:&quot;classic&quot;}\">\n\t\t\t\t\t\t<div class=\"elementor-container elementor-column-gap-no\">\n\t\t\t\t\t<div class=\"elementor-column elementor-col-100 elementor-top-column elementor-element elementor-element-6869099\" data-id=\"6869099\" data-element_type=\"column\">\n\t\t\t<div class=\"elementor-widget-wrap elementor-element-populated\">\n\t\t\t\t\t\t\t\t<section class=\"elementor-section elementor-inner-section elementor-element elementor-element-7fc227b elementor-section-boxed elementor-section-height-default elementor-section-height-default\" data-id=\"7fc227b\" data-element_type=\"section\" data-settings=\"{&quot;background_background&quot;:&quot;classic&quot;}\">\n\t\t\t\t\t\t<div class=\"elementor-container elementor-column-gap-default\">\n\t\t\t\t\t<div class=\"elementor-column elementor-col-50 elementor-inner-column elementor-element elementor-element-6e4a12e6\" data-id=\"6e4a12e6\" data-element_type=\"column\">\n\t\t\t<div class=\"elementor-widget-wrap elementor-element-populated\">\n\t\t\t\t\t\t\t\t<div class=\"elementor-element elementor-element-723a6442 elementor-widget__width-initial elementor-widget elementor-widget-heading\" data-id=\"723a6442\" data-element_type=\"widget\" data-widget_type=\"heading.default\">\n\t\t\t\t<div class=\"elementor-widget-container\">\n\t\t\t<h2 class=\"elementor-heading-title elementor-size-default\">H\u00e4ufig gestellte Fragen<\/h2>\t\t<\/div>\n\t\t\t\t<\/div>\n\t\t\t\t\t<\/div>\n\t\t<\/div>\n\t\t\t\t<div class=\"elementor-column elementor-col-50 elementor-inner-column elementor-element elementor-element-39ffb4fc\" data-id=\"39ffb4fc\" data-element_type=\"column\">\n\t\t\t<div class=\"elementor-widget-wrap elementor-element-populated\">\n\t\t\t\t\t\t\t\t<div class=\"elementor-element elementor-element-56f7c2a6 #toggle1 elementor-widget elementor-widget-toggle\" data-id=\"56f7c2a6\" data-element_type=\"widget\" data-widget_type=\"toggle.default\">\n\t\t\t\t<div class=\"elementor-widget-container\">\n\t\t\t\t\t<div class=\"elementor-toggle\">\n\t\t\t\t\t\t\t<div class=\"elementor-toggle-item\">\n\t\t\t\t\t<div id=\"elementor-tab-title-1451\" class=\"elementor-tab-title\" data-tab=\"1\" role=\"button\" aria-controls=\"elementor-tab-content-1451\" aria-expanded=\"false\">\n\t\t\t\t\t\t\t\t\t\t\t\t<span class=\"elementor-toggle-icon elementor-toggle-icon-right\" aria-hidden=\"true\">\n\t\t\t\t\t\t\t\t\t\t\t\t\t\t\t<span class=\"elementor-toggle-icon-closed\"><i class=\"fas fa-plus\"><\/i><\/span>\n\t\t\t\t\t\t\t\t<span class=\"elementor-toggle-icon-opened\"><i class=\"elementor-toggle-icon-opened fas fa-window-minimize\"><\/i><\/span>\n\t\t\t\t\t\t\t\t\t\t\t\t\t<\/span>\n\t\t\t\t\t\t\t\t\t\t\t\t<a class=\"elementor-toggle-title\" tabindex=\"0\">Welche Vorteile bietet das Sitto-POS-Kassensystem f\u00fcr meine Kunden? <\/a>\n\t\t\t\t\t<\/div>\n\n\t\t\t\t\t<div id=\"elementor-tab-content-1451\" class=\"elementor-tab-content elementor-clearfix\" data-tab=\"1\" role=\"region\" aria-labelledby=\"elementor-tab-title-1451\">Mit Sitto-POS sind Sie f\u00fcr Ihre Kunden zu jeder Zeit buchbar. Die Sitto-POS-Software bietet in ihrem Paket eine Funktion der Onlineterminbuchung \u00fcber Facebook, Instagram, Google oder \u00fcber Ihre Website an. Ihre Kunden k\u00f6nnen im Handumdrehen einen der freien Termine ausw\u00e4hlen, buchen und direkt bezahlen.<\/div>\n\t\t\t\t<\/div>\n\t\t\t\t\t\t\t<div class=\"elementor-toggle-item\">\n\t\t\t\t\t<div id=\"elementor-tab-title-1452\" class=\"elementor-tab-title\" data-tab=\"2\" role=\"button\" aria-controls=\"elementor-tab-content-1452\" aria-expanded=\"false\">\n\t\t\t\t\t\t\t\t\t\t\t\t<span class=\"elementor-toggle-icon elementor-toggle-icon-right\" aria-hidden=\"true\">\n\t\t\t\t\t\t\t\t\t\t\t\t\t\t\t<span class=\"elementor-toggle-icon-closed\"><i class=\"fas fa-plus\"><\/i><\/span>\n\t\t\t\t\t\t\t\t<span class=\"elementor-toggle-icon-opened\"><i class=\"elementor-toggle-icon-opened fas fa-window-minimize\"><\/i><\/span>\n\t\t\t\t\t\t\t\t\t\t\t\t\t<\/span>\n\t\t\t\t\t\t\t\t\t\t\t\t<a class=\"elementor-toggle-title\" tabindex=\"0\">Wie kann ich mit Sitto-POS-Software meinen Umsatz steigern?<\/a>\n\t\t\t\t\t<\/div>\n\n\t\t\t\t\t<div id=\"elementor-tab-content-1452\" class=\"elementor-tab-content elementor-clearfix\" data-tab=\"2\" role=\"region\" aria-labelledby=\"elementor-tab-title-1452\">Mit unserer POS-Software reduzieren Sie die M\u00f6glichkeit der Terminausf\u00e4lle. Kunden erhalten automatisierte Terminerinnerungen per E-Mail oder SMS. Kunden k\u00f6nnen den Termin bei Bedarf online verschieben oder absagen, wobei das System alles automatisch bearbeitet. Eine einfache digitale Terminverwaltung l\u00e4sst Ihnen mehr Zeit f\u00fcr Ihr Kerngesch\u00e4ft und erm\u00f6glicht den Kunden, Ihre Dienstleistungen leichter und schneller zu buchen.<\/div>\n\t\t\t\t<\/div>\n\t\t\t\t\t\t\t<div class=\"elementor-toggle-item\">\n\t\t\t\t\t<div id=\"elementor-tab-title-1453\" class=\"elementor-tab-title\" data-tab=\"3\" role=\"button\" aria-controls=\"elementor-tab-content-1453\" aria-expanded=\"false\">\n\t\t\t\t\t\t\t\t\t\t\t\t<span class=\"elementor-toggle-icon elementor-toggle-icon-right\" aria-hidden=\"true\">\n\t\t\t\t\t\t\t\t\t\t\t\t\t\t\t<span class=\"elementor-toggle-icon-closed\"><i class=\"fas fa-plus\"><\/i><\/span>\n\t\t\t\t\t\t\t\t<span class=\"elementor-toggle-icon-opened\"><i class=\"elementor-toggle-icon-opened fas fa-window-minimize\"><\/i><\/span>\n\t\t\t\t\t\t\t\t\t\t\t\t\t<\/span>\n\t\t\t\t\t\t\t\t\t\t\t\t<a class=\"elementor-toggle-title\" tabindex=\"0\">Wie kann ich meine Dienstleistungen mit Sitto-POS verbessern?<\/a>\n\t\t\t\t\t<\/div>\n\n\t\t\t\t\t<div id=\"elementor-tab-content-1453\" class=\"elementor-tab-content elementor-clearfix\" data-tab=\"3\" role=\"region\" aria-labelledby=\"elementor-tab-title-1453\">Sitto-POS ist mehr als nur ein Kassensystem. Bei jeder Onlinebuchung wird f\u00fcr neue Kunden ein Portfolie mit wichtigen Daten und Informationen erstellt. Mit jedem neuen Besuch wird das Kundenprofil aktualisiert. Auf diese Weise k\u00f6nnen Sie sich auf jeden Termin hinsichtlich der Leistungen vorbereiten, die der Kunde\/ die Kundin am h\u00e4ufigsten ausw\u00e4hlt. Mit Sitto kennen Sie Ihre Kunden besser und wissen, was sie in Ihrem Salon erwarten.<\/div>\n\t\t\t\t<\/div>\n\t\t\t\t\t\t\t<div class=\"elementor-toggle-item\">\n\t\t\t\t\t<div id=\"elementor-tab-title-1454\" class=\"elementor-tab-title\" data-tab=\"4\" role=\"button\" aria-controls=\"elementor-tab-content-1454\" aria-expanded=\"false\">\n\t\t\t\t\t\t\t\t\t\t\t\t<span class=\"elementor-toggle-icon elementor-toggle-icon-right\" aria-hidden=\"true\">\n\t\t\t\t\t\t\t\t\t\t\t\t\t\t\t<span class=\"elementor-toggle-icon-closed\"><i class=\"fas fa-plus\"><\/i><\/span>\n\t\t\t\t\t\t\t\t<span class=\"elementor-toggle-icon-opened\"><i class=\"elementor-toggle-icon-opened fas fa-window-minimize\"><\/i><\/span>\n\t\t\t\t\t\t\t\t\t\t\t\t\t<\/span>\n\t\t\t\t\t\t\t\t\t\t\t\t<a class=\"elementor-toggle-title\" tabindex=\"0\">Wie hilft mir Sitto bei der Mitarbeiterverwaltung?<\/a>\n\t\t\t\t\t<\/div>\n\n\t\t\t\t\t<div id=\"elementor-tab-content-1454\" class=\"elementor-tab-content elementor-clearfix\" data-tab=\"4\" role=\"region\" aria-labelledby=\"elementor-tab-title-1454\">Sitto-POS erm\u00f6glicht eine digitale Mitarbeiterverwaltung, mit der Sie einen besseren \u00dcberblick \u00fcber den Dienstplan Ihrer Mitarbeiter haben. Daneben k\u00f6nnen Kunden den gew\u00fcnschten Mitarbeiter direkt mitbuchen.<\/div>\n\t\t\t\t<\/div>\n\t\t\t\t\t\t\t\t<\/div>\n\t\t\t\t<\/div>\n\t\t\t\t<\/div>\n\t\t\t\t\t<\/div>\n\t\t<\/div>\n\t\t\t\t\t\t\t<\/div>\n\t\t<\/section>\n\t\t\t\t\t<\/div>\n\t\t<\/div>\n\t\t\t\t\t\t\t<\/div>\n\t\t<\/section>\n\t\t\t\t\t\t\t<\/div>\n\t\t","protected":false},"excerpt":{"rendered":"<p>Der ideale Assistent f\u00fcr Ihren Kosmetik-&amp; Beauty-Salon Holen Sie Ihren vielseitigen Sitto-Partner und erleichtern alle Abl\u00e4ufe in Ihrem Betrieb. Free demo ALL-IN-ONE Herausragende Komplettl\u00f6sung f\u00fcr Ihr Kosmetikstudio Mit dem Sitto-Kassensystem f\u00fcr Ihr Kosmetik-Studio profitieren Sie von leichter Termin- und Kundenverwaltung, sowie von digitaler und zentraler Zahlungsabwicklung aus einer Hand. Free Demo H\u00e4ufig gestellte Fragen Welche [&hellip;]<\/p>\n","protected":false},"author":1,"featured_media":0,"parent":0,"menu_order":0,"comment_status":"closed","ping_status":"closed","template":"","meta":{"_et_pb_use_builder":"","_et_pb_old_content":"","_et_gb_content_width":"","footnotes":""},"class_list":["post-658","page","type-page","status-publish","hentry"],"yoast_head":"<!-- This site is optimized with the Yoast SEO plugin v26.8 - https:\/\/yoast.com\/product\/yoast-seo-wordpress\/ -->\n<title>Kassensystem Kosmetik &amp; Beauty - Software f\u00fcr Kosmetikstudio - Sitto Payment GmbH<\/title>\n<meta name=\"description\" content=\"Mit dem Sitto-Kassensystem f\u00fcr Ihr Kosmetik-Studio profitieren Sie von leichter Termin- und Kundenverwaltung, sowie von digitaler und zentraler Zahlungsabwicklung aus einer Hand.\" \/>\n<meta name=\"robots\" content=\"index, follow, max-snippet:-1, max-image-preview:large, max-video-preview:-1\" \/>\n<link rel=\"canonical\" href=\"https:\/\/sitto.ch\/de\/beauty\/\" \/>\n<meta property=\"og:locale\" content=\"de_DE\" \/>\n<meta property=\"og:type\" content=\"article\" \/>\n<meta property=\"og:title\" content=\"Kassensystem Kosmetik &amp; Beauty - Software f\u00fcr Kosmetikstudio - Sitto Payment GmbH\" \/>\n<meta property=\"og:description\" content=\"Mit dem Sitto-Kassensystem f\u00fcr Ihr Kosmetik-Studio profitieren Sie von leichter Termin- und Kundenverwaltung, sowie von digitaler und zentraler Zahlungsabwicklung aus einer Hand.\" \/>\n<meta property=\"og:url\" content=\"https:\/\/sitto.ch\/de\/beauty\/\" \/>\n<meta property=\"og:site_name\" content=\"Sitto Payment GmbH\" \/>\n<meta property=\"article:publisher\" content=\"https:\/\/www.facebook.com\/sittopaymentsystem.ch\" \/>\n<meta property=\"article:modified_time\" content=\"2026-01-14T09:10:00+00:00\" \/>\n<meta property=\"og:image\" content=\"https:\/\/sitto.ch\/de\/wp-content\/uploads\/2022\/10\/Beauty3.jpg\" \/>\n<meta name=\"twitter:card\" content=\"summary_large_image\" \/>\n<meta name=\"twitter:label1\" content=\"Gesch\u00e4tzte Lesezeit\" \/>\n\t<meta name=\"twitter:data1\" content=\"2\u00a0Minuten\" \/>\n<script type=\"application\/ld+json\" class=\"yoast-schema-graph\">{\"@context\":\"https:\/\/schema.org\",\"@graph\":[{\"@type\":\"WebPage\",\"@id\":\"https:\/\/sitto.ch\/de\/beauty\/\",\"url\":\"https:\/\/sitto.ch\/de\/beauty\/\",\"name\":\"Kassensystem Kosmetik & Beauty - Software f\u00fcr Kosmetikstudio - Sitto Payment GmbH\",\"isPartOf\":{\"@id\":\"https:\/\/sitto.ch\/de\/#website\"},\"primaryImageOfPage\":{\"@id\":\"https:\/\/sitto.ch\/de\/beauty\/#primaryimage\"},\"image\":{\"@id\":\"https:\/\/sitto.ch\/de\/beauty\/#primaryimage\"},\"thumbnailUrl\":\"https:\/\/sitto.ch\/de\/wp-content\/uploads\/2022\/10\/Beauty3.jpg\",\"datePublished\":\"2022-10-03T06:50:27+00:00\",\"dateModified\":\"2026-01-14T09:10:00+00:00\",\"description\":\"Mit dem Sitto-Kassensystem f\u00fcr Ihr Kosmetik-Studio profitieren Sie von leichter Termin- und Kundenverwaltung, sowie von digitaler und zentraler Zahlungsabwicklung aus einer Hand.\",\"breadcrumb\":{\"@id\":\"https:\/\/sitto.ch\/de\/beauty\/#breadcrumb\"},\"inLanguage\":\"de-CH\",\"potentialAction\":[{\"@type\":\"ReadAction\",\"target\":[\"https:\/\/sitto.ch\/de\/beauty\/\"]}]},{\"@type\":\"ImageObject\",\"inLanguage\":\"de-CH\",\"@id\":\"https:\/\/sitto.ch\/de\/beauty\/#primaryimage\",\"url\":\"https:\/\/sitto.ch\/de\/wp-content\/uploads\/2022\/10\/Beauty3.jpg\",\"contentUrl\":\"https:\/\/sitto.ch\/de\/wp-content\/uploads\/2022\/10\/Beauty3.jpg\",\"width\":896,\"height\":832,\"caption\":\"Beauty - Herausragende Komplettl\u00f6sung f\u00fcr Ihr Kosmetikstudio\"},{\"@type\":\"BreadcrumbList\",\"@id\":\"https:\/\/sitto.ch\/de\/beauty\/#breadcrumb\",\"itemListElement\":[{\"@type\":\"ListItem\",\"position\":1,\"name\":\"Home\",\"item\":\"https:\/\/sitto.ch\/de\/\"},{\"@type\":\"ListItem\",\"position\":2,\"name\":\"Kosmetik &#038; Beauty\"}]},{\"@type\":\"WebSite\",\"@id\":\"https:\/\/sitto.ch\/de\/#website\",\"url\":\"https:\/\/sitto.ch\/de\/\",\"name\":\"Sitto Payment GmbH\",\"description\":\"All-in-One-Pos-System f\u00fcr jedes Unternehmen\",\"publisher\":{\"@id\":\"https:\/\/sitto.ch\/de\/#organization\"},\"potentialAction\":[{\"@type\":\"SearchAction\",\"target\":{\"@type\":\"EntryPoint\",\"urlTemplate\":\"https:\/\/sitto.ch\/de\/?s={search_term_string}\"},\"query-input\":{\"@type\":\"PropertyValueSpecification\",\"valueRequired\":true,\"valueName\":\"search_term_string\"}}],\"inLanguage\":\"de-CH\"},{\"@type\":\"Organization\",\"@id\":\"https:\/\/sitto.ch\/de\/#organization\",\"name\":\"Sitto Payment GmbH\",\"url\":\"https:\/\/sitto.ch\/de\/\",\"logo\":{\"@type\":\"ImageObject\",\"inLanguage\":\"de-CH\",\"@id\":\"https:\/\/sitto.ch\/de\/#\/schema\/logo\/image\/\",\"url\":\"https:\/\/sitto.ch\/de\/wp-content\/uploads\/2022\/07\/logo-sito.svg\",\"contentUrl\":\"https:\/\/sitto.ch\/de\/wp-content\/uploads\/2022\/07\/logo-sito.svg\",\"caption\":\"Sitto Payment GmbH\"},\"image\":{\"@id\":\"https:\/\/sitto.ch\/de\/#\/schema\/logo\/image\/\"},\"sameAs\":[\"https:\/\/www.facebook.com\/sittopaymentsystem.ch\",\"https:\/\/www.instagram.com\/sitto.ch\/\"]}]}<\/script>\n<!-- \/ Yoast SEO plugin. -->","yoast_head_json":{"title":"Kassensystem Kosmetik & Beauty - Software f\u00fcr Kosmetikstudio - Sitto Payment GmbH","description":"Mit dem Sitto-Kassensystem f\u00fcr Ihr Kosmetik-Studio profitieren Sie von leichter Termin- und Kundenverwaltung, sowie von digitaler und zentraler Zahlungsabwicklung aus einer Hand.","robots":{"index":"index","follow":"follow","max-snippet":"max-snippet:-1","max-image-preview":"max-image-preview:large","max-video-preview":"max-video-preview:-1"},"canonical":"https:\/\/sitto.ch\/de\/beauty\/","og_locale":"de_DE","og_type":"article","og_title":"Kassensystem Kosmetik & Beauty - Software f\u00fcr Kosmetikstudio - Sitto Payment GmbH","og_description":"Mit dem Sitto-Kassensystem f\u00fcr Ihr Kosmetik-Studio profitieren Sie von leichter Termin- und Kundenverwaltung, sowie von digitaler und zentraler Zahlungsabwicklung aus einer Hand.","og_url":"https:\/\/sitto.ch\/de\/beauty\/","og_site_name":"Sitto Payment GmbH","article_publisher":"https:\/\/www.facebook.com\/sittopaymentsystem.ch","article_modified_time":"2026-01-14T09:10:00+00:00","og_image":[{"url":"https:\/\/sitto.ch\/de\/wp-content\/uploads\/2022\/10\/Beauty3.jpg","type":"","width":"","height":""}],"twitter_card":"summary_large_image","twitter_misc":{"Gesch\u00e4tzte Lesezeit":"2\u00a0Minuten"},"schema":{"@context":"https:\/\/schema.org","@graph":[{"@type":"WebPage","@id":"https:\/\/sitto.ch\/de\/beauty\/","url":"https:\/\/sitto.ch\/de\/beauty\/","name":"Kassensystem Kosmetik & Beauty - Software f\u00fcr Kosmetikstudio - Sitto Payment GmbH","isPartOf":{"@id":"https:\/\/sitto.ch\/de\/#website"},"primaryImageOfPage":{"@id":"https:\/\/sitto.ch\/de\/beauty\/#primaryimage"},"image":{"@id":"https:\/\/sitto.ch\/de\/beauty\/#primaryimage"},"thumbnailUrl":"https:\/\/sitto.ch\/de\/wp-content\/uploads\/2022\/10\/Beauty3.jpg","datePublished":"2022-10-03T06:50:27+00:00","dateModified":"2026-01-14T09:10:00+00:00","description":"Mit dem Sitto-Kassensystem f\u00fcr Ihr Kosmetik-Studio profitieren Sie von leichter Termin- und Kundenverwaltung, sowie von digitaler und zentraler Zahlungsabwicklung aus einer Hand.","breadcrumb":{"@id":"https:\/\/sitto.ch\/de\/beauty\/#breadcrumb"},"inLanguage":"de-CH","potentialAction":[{"@type":"ReadAction","target":["https:\/\/sitto.ch\/de\/beauty\/"]}]},{"@type":"ImageObject","inLanguage":"de-CH","@id":"https:\/\/sitto.ch\/de\/beauty\/#primaryimage","url":"https:\/\/sitto.ch\/de\/wp-content\/uploads\/2022\/10\/Beauty3.jpg","contentUrl":"https:\/\/sitto.ch\/de\/wp-content\/uploads\/2022\/10\/Beauty3.jpg","width":896,"height":832,"caption":"Beauty - Herausragende Komplettl\u00f6sung f\u00fcr Ihr Kosmetikstudio"},{"@type":"BreadcrumbList","@id":"https:\/\/sitto.ch\/de\/beauty\/#breadcrumb","itemListElement":[{"@type":"ListItem","position":1,"name":"Home","item":"https:\/\/sitto.ch\/de\/"},{"@type":"ListItem","position":2,"name":"Kosmetik &#038; Beauty"}]},{"@type":"WebSite","@id":"https:\/\/sitto.ch\/de\/#website","url":"https:\/\/sitto.ch\/de\/","name":"Sitto Payment GmbH","description":"All-in-One-Pos-System f\u00fcr jedes Unternehmen","publisher":{"@id":"https:\/\/sitto.ch\/de\/#organization"},"potentialAction":[{"@type":"SearchAction","target":{"@type":"EntryPoint","urlTemplate":"https:\/\/sitto.ch\/de\/?s={search_term_string}"},"query-input":{"@type":"PropertyValueSpecification","valueRequired":true,"valueName":"search_term_string"}}],"inLanguage":"de-CH"},{"@type":"Organization","@id":"https:\/\/sitto.ch\/de\/#organization","name":"Sitto Payment GmbH","url":"https:\/\/sitto.ch\/de\/","logo":{"@type":"ImageObject","inLanguage":"de-CH","@id":"https:\/\/sitto.ch\/de\/#\/schema\/logo\/image\/","url":"https:\/\/sitto.ch\/de\/wp-content\/uploads\/2022\/07\/logo-sito.svg","contentUrl":"https:\/\/sitto.ch\/de\/wp-content\/uploads\/2022\/07\/logo-sito.svg","caption":"Sitto Payment GmbH"},"image":{"@id":"https:\/\/sitto.ch\/de\/#\/schema\/logo\/image\/"},"sameAs":["https:\/\/www.facebook.com\/sittopaymentsystem.ch","https:\/\/www.instagram.com\/sitto.ch\/"]}]}},"_links":{"self":[{"href":"https:\/\/sitto.ch\/de\/wp-json\/wp\/v2\/pages\/658","targetHints":{"allow":["GET"]}}],"collection":[{"href":"https:\/\/sitto.ch\/de\/wp-json\/wp\/v2\/pages"}],"about":[{"href":"https:\/\/sitto.ch\/de\/wp-json\/wp\/v2\/types\/page"}],"author":[{"embeddable":true,"href":"https:\/\/sitto.ch\/de\/wp-json\/wp\/v2\/users\/1"}],"replies":[{"embeddable":true,"href":"https:\/\/sitto.ch\/de\/wp-json\/wp\/v2\/comments?post=658"}],"version-history":[{"count":72,"href":"https:\/\/sitto.ch\/de\/wp-json\/wp\/v2\/pages\/658\/revisions"}],"predecessor-version":[{"id":5629,"href":"https:\/\/sitto.ch\/de\/wp-json\/wp\/v2\/pages\/658\/revisions\/5629"}],"wp:attachment":[{"href":"https:\/\/sitto.ch\/de\/wp-json\/wp\/v2\/media?parent=658"}],"curies":[{"name":"wp","href":"https:\/\/api.w.org\/{rel}","templated":true}]}}