{"id":3929,"date":"2023-01-31T07:44:33","date_gmt":"2023-01-31T07:44:33","guid":{"rendered":"https:\/\/sitto.ch\/de\/?post_type=product&#038;p=3929"},"modified":"2026-01-14T09:35:02","modified_gmt":"2026-01-14T09:35:02","slug":"epson-tm-t70ii-180-dpi-usb","status":"publish","type":"product","link":"https:\/\/sitto.ch\/de\/product\/epson-tm-t70ii-180-dpi-usb\/","title":{"rendered":"Bondrucker"},"content":{"rendered":"<p>Der TM-T70II ist ein zuverl\u00e4ssiger Thermobondrucker mit voller Bedienung und Ausgabe auf der Vorderseite. Dank seiner geringen Stellfl\u00e4che und leicht zug\u00e4nglichen Tasten passt es unter die meisten Theken, und die schnelle Druckgeschwindigkeit von 250 mm pro Sekunde und papiersparendes Drucken erm\u00f6glichen eine schnelle Bedienung der Kunden.<\/p>\n<p>Der Kassenbondrucker ist perfekt f\u00fcr Restaurants, Einzelh\u00e4ndler und Restaurants. Er passt unter den Tresen, da er die gleiche H\u00f6he wie die meisten Kassenschubladen hat, und spart so wertvollen Arbeitsraum. Dank seiner vielf\u00e4ltigen Anschlussm\u00f6glichkeiten (USB integriert, Ethernet und Wi-Fi optional) verf\u00fcgt der Belegdrucker zudem \u00fcber ein Ma\u00df an Flexibilit\u00e4t, das eine komfortable Bedienung erm\u00f6glicht. Mit der optionalen Schutzh\u00fclle sind die Kabel vor versehentlichem Versch\u00fctten von Fl\u00fcssigkeiten gesch\u00fctzt.<\/p>\n<p>Der Belegdrucker eignet sich perfekt f\u00fcr anspruchsvolle Umgebungen, in denen ein konstanter Druck gro\u00dfer Druckauftr\u00e4ge erforderlich ist. Es verf\u00fcgt \u00fcber einen verbesserten Druckmechanismus mit einer Lebensdauer von bis zu 17 Millionen Zeilen, einen Druckkopf mit einer Lebensdauer von 120 km und einen automatischen Papierschneider, der bis zu 1,7 Millionen Transaktionen verarbeiten kann.<\/p>\n<p>Mit der Papiersparfunktion drucken Sie Dokumente und Logos fast bis zum oberen Rand und optimieren Ihren Kassenbon. Das spart Geld, weil Sie mehr Belege pro Rolle drucken k\u00f6nnen \u2013 in Kombination mit der ENERGY STAR-Zertifizierung f\u00fcr geringen Stromverbrauch ist der TM-T70II auch eine effektive und umweltfreundliche Erg\u00e4nzung f\u00fcr Ihr Unternehmen. Der TM-T70II kann Quittungen entweder in Schwarz\/Wei\u00df oder Graustufen drucken. Verbesserte Grafik- und Barcode-Druckfunktionen erm\u00f6glichen benutzerdefinierte Layouts. Logos und Werbebotschaften k\u00f6nnen einfach hinzugef\u00fcgt werden.<\/p>\n<p><strong>SPEZIFIKATIONEN<\/strong><\/p>\n<ul>\n<li>Drucktechnologie: Thermodruck<\/li>\n<li>Druckgeschwindigkeit: 250 mm\/s<\/li>\n<li>Druckaufl\u00f6sung: 180 dpi<\/li>\n<li>max. Druckbreite: 80 mm<\/li>\n<li>Anwendungsbereich: Desktop, industrielle \/ gewerbliche Nutzung<\/li>\n<li>Bandtyp: Rolle<\/li>\n<li>Anschl\u00fcsse: USB<\/li>\n<li>\u00dcbertragungsart: Kabel, USB<\/li>\n<\/ul>\n","protected":false},"excerpt":{"rendered":"<p><span class=\"sc-12r9jwk-1 Vfgjz\">180 dpi, USB<\/span><\/p>\n","protected":false},"featured_media":5640,"template":"","meta":{"_et_pb_use_builder":"","_et_pb_old_content":"","_et_gb_content_width":""},"product_cat":[35],"product_tag":[],"class_list":{"0":"post-3929","1":"product","2":"type-product","3":"status-publish","4":"has-post-thumbnail","6":"product_cat-drucker","8":"first","9":"instock","10":"shipping-taxable","11":"purchasable","12":"product-type-simple"},"yoast_head":"<!-- This site is optimized with the Yoast SEO plugin v26.8 - https:\/\/yoast.com\/product\/yoast-seo-wordpress\/ -->\n<title>Bondrucker - Sitto Payment GmbH<\/title>\n<meta name=\"description\" content=\"Epson TM-T70II (180 dpi, USB)\" \/>\n<meta name=\"robots\" content=\"index, follow, max-snippet:-1, max-image-preview:large, max-video-preview:-1\" \/>\n<link rel=\"canonical\" href=\"https:\/\/sitto.ch\/de\/product\/epson-tm-t70ii-180-dpi-usb\/\" \/>\n<meta property=\"og:locale\" content=\"de_DE\" \/>\n<meta property=\"og:type\" content=\"article\" \/>\n<meta property=\"og:title\" content=\"Bondrucker - Sitto Payment GmbH\" \/>\n<meta property=\"og:description\" content=\"Epson TM-T70II (180 dpi, USB)\" \/>\n<meta property=\"og:url\" content=\"https:\/\/sitto.ch\/de\/product\/epson-tm-t70ii-180-dpi-usb\/\" \/>\n<meta property=\"og:site_name\" content=\"Sitto Payment GmbH\" \/>\n<meta property=\"article:publisher\" content=\"https:\/\/www.facebook.com\/sittopaymentsystem.ch\" \/>\n<meta property=\"article:modified_time\" content=\"2026-01-14T09:35:02+00:00\" \/>\n<meta property=\"og:image\" content=\"https:\/\/sitto.ch\/de\/wp-content\/uploads\/2023\/01\/bondrucker-1.jpg\" \/>\n\t<meta property=\"og:image:width\" content=\"860\" \/>\n\t<meta property=\"og:image:height\" content=\"860\" \/>\n\t<meta property=\"og:image:type\" content=\"image\/jpeg\" \/>\n<meta name=\"twitter:card\" content=\"summary_large_image\" \/>\n<meta name=\"twitter:label1\" content=\"Gesch\u00e4tzte Lesezeit\" \/>\n\t<meta name=\"twitter:data1\" content=\"2\u00a0Minuten\" \/>\n<script type=\"application\/ld+json\" class=\"yoast-schema-graph\">{\"@context\":\"https:\/\/schema.org\",\"@graph\":[{\"@type\":\"WebPage\",\"@id\":\"https:\/\/sitto.ch\/de\/product\/epson-tm-t70ii-180-dpi-usb\/\",\"url\":\"https:\/\/sitto.ch\/de\/product\/epson-tm-t70ii-180-dpi-usb\/\",\"name\":\"Bondrucker - Sitto Payment GmbH\",\"isPartOf\":{\"@id\":\"https:\/\/sitto.ch\/de\/#website\"},\"primaryImageOfPage\":{\"@id\":\"https:\/\/sitto.ch\/de\/product\/epson-tm-t70ii-180-dpi-usb\/#primaryimage\"},\"image\":{\"@id\":\"https:\/\/sitto.ch\/de\/product\/epson-tm-t70ii-180-dpi-usb\/#primaryimage\"},\"thumbnailUrl\":\"https:\/\/sitto.ch\/de\/wp-content\/uploads\/2023\/01\/bondrucker-1.jpg\",\"datePublished\":\"2023-01-31T07:44:33+00:00\",\"dateModified\":\"2026-01-14T09:35:02+00:00\",\"description\":\"Epson TM-T70II (180 dpi, USB)\",\"breadcrumb\":{\"@id\":\"https:\/\/sitto.ch\/de\/product\/epson-tm-t70ii-180-dpi-usb\/#breadcrumb\"},\"inLanguage\":\"de-CH\",\"potentialAction\":[{\"@type\":\"ReadAction\",\"target\":[\"https:\/\/sitto.ch\/de\/product\/epson-tm-t70ii-180-dpi-usb\/\"]}]},{\"@type\":\"ImageObject\",\"inLanguage\":\"de-CH\",\"@id\":\"https:\/\/sitto.ch\/de\/product\/epson-tm-t70ii-180-dpi-usb\/#primaryimage\",\"url\":\"https:\/\/sitto.ch\/de\/wp-content\/uploads\/2023\/01\/bondrucker-1.jpg\",\"contentUrl\":\"https:\/\/sitto.ch\/de\/wp-content\/uploads\/2023\/01\/bondrucker-1.jpg\",\"width\":860,\"height\":860},{\"@type\":\"BreadcrumbList\",\"@id\":\"https:\/\/sitto.ch\/de\/product\/epson-tm-t70ii-180-dpi-usb\/#breadcrumb\",\"itemListElement\":[{\"@type\":\"ListItem\",\"position\":1,\"name\":\"Home\",\"item\":\"https:\/\/sitto.ch\/de\/\"},{\"@type\":\"ListItem\",\"position\":2,\"name\":\"Shop\",\"item\":\"https:\/\/sitto.ch\/de\/shop\/\"},{\"@type\":\"ListItem\",\"position\":3,\"name\":\"Bondrucker\"}]},{\"@type\":\"WebSite\",\"@id\":\"https:\/\/sitto.ch\/de\/#website\",\"url\":\"https:\/\/sitto.ch\/de\/\",\"name\":\"Sitto Payment GmbH\",\"description\":\"All-in-One-Pos-System f\u00fcr jedes Unternehmen\",\"publisher\":{\"@id\":\"https:\/\/sitto.ch\/de\/#organization\"},\"potentialAction\":[{\"@type\":\"SearchAction\",\"target\":{\"@type\":\"EntryPoint\",\"urlTemplate\":\"https:\/\/sitto.ch\/de\/?s={search_term_string}\"},\"query-input\":{\"@type\":\"PropertyValueSpecification\",\"valueRequired\":true,\"valueName\":\"search_term_string\"}}],\"inLanguage\":\"de-CH\"},{\"@type\":\"Organization\",\"@id\":\"https:\/\/sitto.ch\/de\/#organization\",\"name\":\"Sitto Payment GmbH\",\"url\":\"https:\/\/sitto.ch\/de\/\",\"logo\":{\"@type\":\"ImageObject\",\"inLanguage\":\"de-CH\",\"@id\":\"https:\/\/sitto.ch\/de\/#\/schema\/logo\/image\/\",\"url\":\"https:\/\/sitto.ch\/de\/wp-content\/uploads\/2022\/07\/logo-sito.svg\",\"contentUrl\":\"https:\/\/sitto.ch\/de\/wp-content\/uploads\/2022\/07\/logo-sito.svg\",\"caption\":\"Sitto Payment GmbH\"},\"image\":{\"@id\":\"https:\/\/sitto.ch\/de\/#\/schema\/logo\/image\/\"},\"sameAs\":[\"https:\/\/www.facebook.com\/sittopaymentsystem.ch\",\"https:\/\/www.instagram.com\/sitto.ch\/\"]}]}<\/script>\n<!-- \/ Yoast SEO plugin. -->","yoast_head_json":{"title":"Bondrucker - Sitto Payment GmbH","description":"Epson TM-T70II (180 dpi, USB)","robots":{"index":"index","follow":"follow","max-snippet":"max-snippet:-1","max-image-preview":"max-image-preview:large","max-video-preview":"max-video-preview:-1"},"canonical":"https:\/\/sitto.ch\/de\/product\/epson-tm-t70ii-180-dpi-usb\/","og_locale":"de_DE","og_type":"article","og_title":"Bondrucker - Sitto Payment GmbH","og_description":"Epson TM-T70II (180 dpi, USB)","og_url":"https:\/\/sitto.ch\/de\/product\/epson-tm-t70ii-180-dpi-usb\/","og_site_name":"Sitto Payment GmbH","article_publisher":"https:\/\/www.facebook.com\/sittopaymentsystem.ch","article_modified_time":"2026-01-14T09:35:02+00:00","og_image":[{"width":860,"height":860,"url":"https:\/\/sitto.ch\/de\/wp-content\/uploads\/2023\/01\/bondrucker-1.jpg","type":"image\/jpeg"}],"twitter_card":"summary_large_image","twitter_misc":{"Gesch\u00e4tzte Lesezeit":"2\u00a0Minuten"},"schema":{"@context":"https:\/\/schema.org","@graph":[{"@type":"WebPage","@id":"https:\/\/sitto.ch\/de\/product\/epson-tm-t70ii-180-dpi-usb\/","url":"https:\/\/sitto.ch\/de\/product\/epson-tm-t70ii-180-dpi-usb\/","name":"Bondrucker - Sitto Payment GmbH","isPartOf":{"@id":"https:\/\/sitto.ch\/de\/#website"},"primaryImageOfPage":{"@id":"https:\/\/sitto.ch\/de\/product\/epson-tm-t70ii-180-dpi-usb\/#primaryimage"},"image":{"@id":"https:\/\/sitto.ch\/de\/product\/epson-tm-t70ii-180-dpi-usb\/#primaryimage"},"thumbnailUrl":"https:\/\/sitto.ch\/de\/wp-content\/uploads\/2023\/01\/bondrucker-1.jpg","datePublished":"2023-01-31T07:44:33+00:00","dateModified":"2026-01-14T09:35:02+00:00","description":"Epson TM-T70II (180 dpi, USB)","breadcrumb":{"@id":"https:\/\/sitto.ch\/de\/product\/epson-tm-t70ii-180-dpi-usb\/#breadcrumb"},"inLanguage":"de-CH","potentialAction":[{"@type":"ReadAction","target":["https:\/\/sitto.ch\/de\/product\/epson-tm-t70ii-180-dpi-usb\/"]}]},{"@type":"ImageObject","inLanguage":"de-CH","@id":"https:\/\/sitto.ch\/de\/product\/epson-tm-t70ii-180-dpi-usb\/#primaryimage","url":"https:\/\/sitto.ch\/de\/wp-content\/uploads\/2023\/01\/bondrucker-1.jpg","contentUrl":"https:\/\/sitto.ch\/de\/wp-content\/uploads\/2023\/01\/bondrucker-1.jpg","width":860,"height":860},{"@type":"BreadcrumbList","@id":"https:\/\/sitto.ch\/de\/product\/epson-tm-t70ii-180-dpi-usb\/#breadcrumb","itemListElement":[{"@type":"ListItem","position":1,"name":"Home","item":"https:\/\/sitto.ch\/de\/"},{"@type":"ListItem","position":2,"name":"Shop","item":"https:\/\/sitto.ch\/de\/shop\/"},{"@type":"ListItem","position":3,"name":"Bondrucker"}]},{"@type":"WebSite","@id":"https:\/\/sitto.ch\/de\/#website","url":"https:\/\/sitto.ch\/de\/","name":"Sitto Payment GmbH","description":"All-in-One-Pos-System f\u00fcr jedes Unternehmen","publisher":{"@id":"https:\/\/sitto.ch\/de\/#organization"},"potentialAction":[{"@type":"SearchAction","target":{"@type":"EntryPoint","urlTemplate":"https:\/\/sitto.ch\/de\/?s={search_term_string}"},"query-input":{"@type":"PropertyValueSpecification","valueRequired":true,"valueName":"search_term_string"}}],"inLanguage":"de-CH"},{"@type":"Organization","@id":"https:\/\/sitto.ch\/de\/#organization","name":"Sitto Payment GmbH","url":"https:\/\/sitto.ch\/de\/","logo":{"@type":"ImageObject","inLanguage":"de-CH","@id":"https:\/\/sitto.ch\/de\/#\/schema\/logo\/image\/","url":"https:\/\/sitto.ch\/de\/wp-content\/uploads\/2022\/07\/logo-sito.svg","contentUrl":"https:\/\/sitto.ch\/de\/wp-content\/uploads\/2022\/07\/logo-sito.svg","caption":"Sitto Payment GmbH"},"image":{"@id":"https:\/\/sitto.ch\/de\/#\/schema\/logo\/image\/"},"sameAs":["https:\/\/www.facebook.com\/sittopaymentsystem.ch","https:\/\/www.instagram.com\/sitto.ch\/"]}]}},"_links":{"self":[{"href":"https:\/\/sitto.ch\/de\/wp-json\/wp\/v2\/product\/3929","targetHints":{"allow":["GET"]}}],"collection":[{"href":"https:\/\/sitto.ch\/de\/wp-json\/wp\/v2\/product"}],"about":[{"href":"https:\/\/sitto.ch\/de\/wp-json\/wp\/v2\/types\/product"}],"wp:featuredmedia":[{"embeddable":true,"href":"https:\/\/sitto.ch\/de\/wp-json\/wp\/v2\/media\/5640"}],"wp:attachment":[{"href":"https:\/\/sitto.ch\/de\/wp-json\/wp\/v2\/media?parent=3929"}],"wp:term":[{"taxonomy":"product_cat","embeddable":true,"href":"https:\/\/sitto.ch\/de\/wp-json\/wp\/v2\/product_cat?post=3929"},{"taxonomy":"product_tag","embeddable":true,"href":"https:\/\/sitto.ch\/de\/wp-json\/wp\/v2\/product_tag?post=3929"}],"curies":[{"name":"wp","href":"https:\/\/api.w.org\/{rel}","templated":true}]}}